{"id":3886,"date":"2024-11-07T14:26:54","date_gmt":"2024-11-07T13:26:54","guid":{"rendered":"https:\/\/newelement.ch\/?page_id=3886"},"modified":"2025-12-04T09:58:36","modified_gmt":"2025-12-04T08:58:36","slug":"government","status":"publish","type":"page","link":"https:\/\/newelement.ch\/fr\/projects\/government\/","title":{"rendered":"Gouvernement"},"content":{"rendered":"<p>[et_pb_section fb_built=&#8221;1&#8243; custom_padding_last_edited=&#8221;on|phone&#8221; _builder_version=&#8221;4.27.4&#8243; _module_preset=&#8221;default&#8221; background_enable_color=&#8221;off&#8221; use_background_color_gradient=&#8221;on&#8221; background_color_gradient_direction=&#8221;90deg&#8221; background_color_gradient_stops=&#8221;rgba(237,222,211,0.8) 0%|rgba(237,222,211,0.8) 50%|rgba(237,222,211,0.1) 50%|rgba(112,97,89,0.1) 98%&#8221; background_color_gradient_overlays_image=&#8221;on&#8221; background_image=&#8221;https:\/\/newelement.ch\/wp-content\/uploads\/2024\/05\/p7av1zhkgbq.jpg&#8221; parallax=&#8221;on&#8221; custom_padding=&#8221;100px||130px||false|false&#8221; custom_padding_tablet=&#8221;70px||70px||false|false&#8221; custom_padding_phone=&#8221;40px||40px||false|false&#8221; background_last_edited=&#8221;on|tablet&#8221; use_background_color_gradient_tablet=&#8221;on&#8221; use_background_color_gradient_phone=&#8221;on&#8221; background_color_gradient_stops_tablet=&#8221;rgba(237,222,211,0.8) 0%|rgba(237,222,211,0.8) 100%|rgba(237,222,211,0.1) 100%|rgba(112,97,89,0.1) 100%&#8221; background_color_gradient_stops_phone=&#8221;rgba(237,222,211,0.8) 0%|rgba(237,222,211,0.8) 100%|rgba(112,97,89,0.1) 100%|rgba(237,222,211,0.1) 100%&#8221; locked=&#8221;off&#8221; global_colors_info=&#8221;{}&#8221;][et_pb_row column_structure=&#8221;1_2,1_2&#8243; use_custom_gutter=&#8221;on&#8221; gutter_width=&#8221;3&#8243; _builder_version=&#8221;4.27.4&#8243; _module_preset=&#8221;default&#8221; max_width=&#8221;80%&#8221; custom_padding=&#8221;0px||0px||false|false&#8221; global_colors_info=&#8221;{}&#8221;][et_pb_column type=&#8221;1_2&#8243; _builder_version=&#8221;4.25.1&#8243; _module_preset=&#8221;default&#8221; global_colors_info=&#8221;{}&#8221;][et_pb_heading title=&#8221;Enhancing Cohesion and Commitment: Path to Strategic Impact,&#8221; _builder_version=&#8221;4.27.4&#8243; _module_preset=&#8221;default&#8221; title_text_color=&#8221;#000000&#8243; width=&#8221;90%&#8221; max_width=&#8221;90%&#8221; custom_padding=&#8221;0px|0px|0px|0px|false|false&#8221; title_font_size_tablet=&#8221;30px&#8221; title_font_size_phone=&#8221;22px&#8221; title_font_size_last_edited=&#8221;on|tablet&#8221; global_colors_info=&#8221;{}&#8221;][\/et_pb_heading][et_pb_heading title=&#8221;\u00c9tat de Fribourg&#8221; _builder_version=&#8221;4.27.2&#8243; _module_preset=&#8221;default&#8221; title_font=&#8221;Poppins|500||on|||||&#8221; title_text_color=&#8221;#000000&#8243; width=&#8221;90%&#8221; max_width=&#8221;90%&#8221; title_font_size_tablet=&#8221;30px&#8221; title_font_size_phone=&#8221;22px&#8221; title_font_size_last_edited=&#8221;on|tablet&#8221; global_colors_info=&#8221;{}&#8221;][\/et_pb_heading][\/et_pb_column][et_pb_column type=&#8221;1_2&#8243; _builder_version=&#8221;4.25.1&#8243; _module_preset=&#8221;default&#8221; global_colors_info=&#8221;{}&#8221;][\/et_pb_column][\/et_pb_row][\/et_pb_section][et_pb_section fb_built=&#8221;1&#8243; custom_padding_last_edited=&#8221;on|phone&#8221; _builder_version=&#8221;4.27.3&#8243; _module_preset=&#8221;default&#8221; background_color=&#8221;#DFBBA0&#8243; use_background_color_gradient=&#8221;on&#8221; background_color_gradient_direction=&#8221;90deg&#8221; background_color_gradient_stops=&#8221;rgba(255,255,255,0) 0%|rgba(255,255,255,0) 50%|#f8f7f7 50%|#f8f7f7 99%&#8221; custom_padding=&#8221;40px||70px||false|false&#8221; custom_padding_tablet=&#8221;40px||0px||false|false&#8221; custom_padding_phone=&#8221;0px||0px||true|false&#8221; background_last_edited=&#8221;on|tablet&#8221; use_background_color_gradient_tablet=&#8221;on&#8221; use_background_color_gradient_phone=&#8221;on&#8221; background_color_gradient_stops_tablet=&#8221;rgba(255,255,255,0) 0%|rgba(255,255,255,0) 100%|#f8f7f7 100%|#f8f7f7 100%&#8221; background_color_gradient_stops_phone=&#8221;rgba(255,255,255,0) 0%|rgba(255,255,255,0) 100%|#f8f7f7 100%|#f8f7f7 100%&#8221; locked=&#8221;off&#8221; global_colors_info=&#8221;{}&#8221;][et_pb_row column_structure=&#8221;1_2,1_2&#8243; use_custom_gutter=&#8221;on&#8221; gutter_width=&#8221;4&#8243; custom_padding_last_edited=&#8221;off|desktop&#8221; _builder_version=&#8221;4.27.3&#8243; _module_preset=&#8221;default&#8221; width_tablet=&#8221;100%&#8221; width_phone=&#8221;100%&#8221; width_last_edited=&#8221;on|tablet&#8221; max_width=&#8221;80%&#8221; max_width_tablet=&#8221;100%&#8221; max_width_phone=&#8221;100%&#8221; max_width_last_edited=&#8221;on|phone&#8221; module_alignment=&#8221;center&#8221; custom_margin=&#8221;0px||0px||false|false&#8221; custom_padding=&#8221;0px||0px||false|false&#8221; custom_padding_phone=&#8221;||0px||false|false&#8221; global_colors_info=&#8221;{}&#8221;][et_pb_column type=&#8221;1_2&#8243; _builder_version=&#8221;4.27.3&#8243; _module_preset=&#8221;default&#8221; custom_padding=&#8221;0px|0px|0px|0px|true|true&#8221; custom_padding_tablet=&#8221;0px|80px|40px|80px|false|true&#8221; custom_padding_phone=&#8221;30px|40px|40px|40px|false|true&#8221; custom_padding_last_edited=&#8221;on|phone&#8221; global_colors_info=&#8221;{}&#8221;][et_pb_heading title=&#8221;Context&#8221; _builder_version=&#8221;4.27.2&#8243; _module_preset=&#8221;4a326f49-5fe5-4324-9dd1-39f0bc2f82d5&#8243; title_text_color=&#8221;#000000&#8243; global_colors_info=&#8221;{}&#8221;][\/et_pb_heading][et_pb_text _builder_version=&#8221;4.27.3&#8243; _module_preset=&#8221;default&#8221; text_font=&#8221;Poppins|300|||||||&#8221; text_text_color=&#8221;#000000&#8243; header_2_font=&#8221;Poppins|600||on|||||&#8221; header_2_font_size=&#8221;28px&#8221; text_font_size_tablet=&#8221;15px&#8221; text_font_size_phone=&#8221;14px&#8221; text_font_size_last_edited=&#8221;on|phone&#8221; text_line_height_tablet=&#8221;1.5em&#8221; text_line_height_phone=&#8221;1.4em&#8221; text_line_height_last_edited=&#8221;on|phone&#8221; global_colors_info=&#8221;{}&#8221;]<\/p>\n<p>Le Conseil d'\u00c9tat du canton de Fribourg a cherch\u00e9 \u00e0 am\u00e9liorer l'alignement et la clart\u00e9 strat\u00e9gique de ses initiatives, en mettant l'accent sur l'engagement climatique, les r\u00e9alisations l\u00e9gislatives et la planification future. Avec les \u00e9lections de 2021 et les attentes croissantes en mati\u00e8re de responsabilit\u00e9 environnementale, le Conseil visait une approche unifi\u00e9e pour communiquer son plan climatique, rendre compte des progr\u00e8s l\u00e9gislatifs et d\u00e9finir une vision strat\u00e9gique pour le nouveau mandat. L'objectif \u00e9tait de favoriser l'alignement, la structure et une communication percutante entre les membres du Conseil, renfor\u00e7ant ainsi une approche coll\u00e9giale et coh\u00e9sive.<\/p>\n<p>[\/et_pb_text][\/et_pb_column][et_pb_column type=&#8221;1_2&#8243; _builder_version=&#8221;4.27.3&#8243; _module_preset=&#8221;default&#8221; custom_padding=&#8221;0px|0px|0px|0px|false|true&#8221; custom_padding_tablet=&#8221;40px|80px|50px|80px|false|true&#8221; custom_padding_phone=&#8221;30px|40px|40px|40px|false|true&#8221; custom_padding_last_edited=&#8221;on|tablet&#8221; background_color_tablet=&#8221;#F8F7F7&#8243; background_color_phone=&#8221;#F8F7F7&#8243; background_last_edited=&#8221;on|phone&#8221; background_enable_color_tablet=&#8221;on&#8221; background_enable_color_phone=&#8221;on&#8221; global_colors_info=&#8221;{}&#8221;][et_pb_heading title=&#8221;Solution&#8221; _builder_version=&#8221;4.27.2&#8243; _module_preset=&#8221;4a326f49-5fe5-4324-9dd1-39f0bc2f82d5&#8243; global_colors_info=&#8221;{}&#8221;][\/et_pb_heading][et_pb_text _builder_version=&#8221;4.27.3&#8243; _module_preset=&#8221;default&#8221; text_font=&#8221;Poppins|300|||||||&#8221; header_2_font=&#8221;Poppins|600||on|||||&#8221; header_2_font_size=&#8221;28px&#8221; custom_padding=&#8221;||0px|||&#8221; text_font_size_tablet=&#8221;15px&#8221; text_font_size_phone=&#8221;14px&#8221; text_font_size_last_edited=&#8221;on|phone&#8221; text_line_height_tablet=&#8221;1.5em&#8221; text_line_height_phone=&#8221;1.4em&#8221; text_line_height_last_edited=&#8221;on|phone&#8221; global_colors_info=&#8221;{}&#8221;]<\/p>\n<p>NewElement a dirig\u00e9 trois projets cl\u00e9s avec le Conseil d'\u00c9tat de Fribourg. Tout d'abord, NewElement a facilit\u00e9 l'alignement du Conseil avec le plan climatique du canton \u00e0 travers une s\u00e9rie d'ateliers avec \u00e0 la fois le Conseil d'\u00c9tat et les secr\u00e9taires g\u00e9n\u00e9raux, favorisant ainsi un engagement partag\u00e9. Une strat\u00e9gie de communication et d'engagement compl\u00e8te a \u00e9galement \u00e9t\u00e9 d\u00e9velopp\u00e9e pour sensibiliser et mobiliser le public. Deuxi\u00e8mement, NewElement a guid\u00e9 la cr\u00e9ation du rapport l\u00e9gislatif du Conseil en organisant des ateliers pour recueillir les contributions des membres et co-d\u00e9velopper le concept et le contenu du rapport. Enfin, NewElement a soutenu le Conseil dans l'\u00e9laboration d'un plan strat\u00e9gique pour le nouveau mandat l\u00e9gislatif, en animant des ateliers pour d\u00e9finir les priorit\u00e9s et fa\u00e7onner collaborativement le document strat\u00e9gique.<\/p>\n<p>[\/et_pb_text][\/et_pb_column][\/et_pb_row][\/et_pb_section][et_pb_section fb_built=&#8221;1&#8243; custom_padding_last_edited=&#8221;on|tablet&#8221; _builder_version=&#8221;4.27.4&#8243; _module_preset=&#8221;default&#8221; background_color=&#8221;#A59283&#8243; custom_padding=&#8221;40px||100px||false|false&#8221; custom_padding_tablet=&#8221;40px||60px||false|false&#8221; custom_padding_phone=&#8221;30px||40px||false|false&#8221; border_color_top=&#8221;#A59283&#8243; locked=&#8221;off&#8221; global_colors_info=&#8221;{}&#8221;][et_pb_row column_structure=&#8221;1_2,1_2&#8243; use_custom_gutter=&#8221;on&#8221; gutter_width=&#8221;4&#8243; _builder_version=&#8221;4.27.2&#8243; _module_preset=&#8221;default&#8221; max_width=&#8221;80%&#8221; custom_padding=&#8221;0px||0px||true|false&#8221; locked=&#8221;off&#8221; global_colors_info=&#8221;{}&#8221;][et_pb_column type=&#8221;1_2&#8243; _builder_version=&#8221;4.27.2&#8243; _module_preset=&#8221;default&#8221; global_colors_info=&#8221;{}&#8221;][et_pb_heading title=&#8221;Impact&#8221; _builder_version=&#8221;4.27.2&#8243; _module_preset=&#8221;4a326f49-5fe5-4324-9dd1-39f0bc2f82d5&#8243; title_text_color=&#8221;#EDDED3&#8243; global_colors_info=&#8221;{}&#8221;][\/et_pb_heading][\/et_pb_column][et_pb_column type=&#8221;1_2&#8243; _builder_version=&#8221;4.27.2&#8243; _module_preset=&#8221;default&#8221; global_colors_info=&#8221;{}&#8221;][et_pb_text _builder_version=&#8221;4.27.2&#8243; _module_preset=&#8221;5cc4d197-68b2-4b21-8c9f-0fb2196a1d2b&#8221; global_colors_info=&#8221;{}&#8221;]<\/p>\n<p>Les initiatives men\u00e9es par NewElement ont produit des r\u00e9sultats significatifs dans le cadre de ces projets :<\/p>\n<p>[\/et_pb_text][\/et_pb_column][\/et_pb_row][et_pb_row column_structure=&#8221;1_4,1_4,1_4,1_4&#8243; use_custom_gutter=&#8221;on&#8221; gutter_width=&#8221;3&#8243; _builder_version=&#8221;4.27.2&#8243; _module_preset=&#8221;default&#8221; max_width=&#8221;80%&#8221; custom_padding=&#8221;0px||0px||false|false&#8221; global_colors_info=&#8221;{}&#8221;][et_pb_column type=&#8221;1_4&#8243; _builder_version=&#8221;4.25.0&#8243; _module_preset=&#8221;default&#8221; global_colors_info=&#8221;{}&#8221;][et_pb_heading title=&#8221;1&#8243; _builder_version=&#8221;4.27.2&#8243; _module_preset=&#8221;38780d28-962e-4809-ba09-e04cf7a79650&#8243; global_colors_info=&#8221;{}&#8221;][\/et_pb_heading][et_pb_heading title=&#8221;Enhanced Alignment&#8221; _builder_version=&#8221;4.27.2&#8243; _module_preset=&#8221;03372257-e707-4f48-a5d5-90c72e429ee5&#8243; title_text_color=&#8221;#EDDED3&#8243; locked=&#8221;off&#8221; global_colors_info=&#8221;{}&#8221;][\/et_pb_heading][et_pb_text _builder_version=&#8221;4.27.3&#8243; _module_preset=&#8221;ed4ed6fb-5494-4fdd-96e4-98916c413f34&#8243; global_colors_info=&#8221;{}&#8221;]<\/p>\n<p>En alignant les membres du Conseil sur le plan climatique et les objectifs cl\u00e9s, le projet a renforc\u00e9 la coh\u00e9sion interne et promu une vision partag\u00e9e au sein du Conseil.<\/p>\n<p>[\/et_pb_text][\/et_pb_column][et_pb_column type=&#8221;1_4&#8243; _builder_version=&#8221;4.25.0&#8243; _module_preset=&#8221;default&#8221; global_colors_info=&#8221;{}&#8221;][et_pb_heading title=&#8221;2&#8243; _builder_version=&#8221;4.27.2&#8243; _module_preset=&#8221;38780d28-962e-4809-ba09-e04cf7a79650&#8243; global_colors_info=&#8221;{}&#8221;][\/et_pb_heading][et_pb_heading title=&#8221;Structured Communication&#8221; _builder_version=&#8221;4.27.2&#8243; _module_preset=&#8221;03372257-e707-4f48-a5d5-90c72e429ee5&#8243; title_text_color=&#8221;#EDDED3&#8243; locked=&#8221;off&#8221; global_colors_info=&#8221;{}&#8221;][\/et_pb_heading][et_pb_text _builder_version=&#8221;4.27.3&#8243; _module_preset=&#8221;ed4ed6fb-5494-4fdd-96e4-98916c413f34&#8243; header_text_color=&#8221;#EDDED3&#8243; global_colors_info=&#8221;{}&#8221;]<\/p>\n<p>La cr\u00e9ation d'un rapport l\u00e9gislatif clair et engageant a permis au Conseil de communiquer efficacement ses r\u00e9alisations, augmentant ainsi la transparence et renfor\u00e7ant la confiance du public.<\/p>\n<p>[\/et_pb_text][\/et_pb_column][et_pb_column type=&#8221;1_4&#8243; _builder_version=&#8221;4.25.0&#8243; _module_preset=&#8221;default&#8221; global_colors_info=&#8221;{}&#8221;][et_pb_heading title=&#8221;3&#8243; _builder_version=&#8221;4.27.2&#8243; _module_preset=&#8221;38780d28-962e-4809-ba09-e04cf7a79650&#8243; global_colors_info=&#8221;{}&#8221;][\/et_pb_heading][et_pb_heading title=&#8221;Strategic Clarity&#8221; _builder_version=&#8221;4.27.2&#8243; _module_preset=&#8221;03372257-e707-4f48-a5d5-90c72e429ee5&#8243; title_text_color=&#8221;#EDDED3&#8243; locked=&#8221;off&#8221; global_colors_info=&#8221;{}&#8221;][\/et_pb_heading][et_pb_text _builder_version=&#8221;4.27.2&#8243; _module_preset=&#8221;ed4ed6fb-5494-4fdd-96e4-98916c413f34&#8243; global_colors_info=&#8221;{}&#8221;]<\/p>\n<p>Le plan strat\u00e9gique pour le nouveau mandat l\u00e9gislatif a \u00e9tabli des priorit\u00e9s claires, permettant au Conseil de tirer parti des objectifs collectifs et de r\u00e9pondre proactivement aux attentes du public.<\/p>\n<p>[\/et_pb_text][\/et_pb_column][et_pb_column type=&#8221;1_4&#8243; _builder_version=&#8221;4.25.0&#8243; _module_preset=&#8221;default&#8221; global_colors_info=&#8221;{}&#8221;][et_pb_heading title=&#8221;4&#8243; _builder_version=&#8221;4.27.2&#8243; _module_preset=&#8221;38780d28-962e-4809-ba09-e04cf7a79650&#8243; global_colors_info=&#8221;{}&#8221;][\/et_pb_heading][et_pb_heading title=&#8221;Strengthened Public Engagement&#8221; _builder_version=&#8221;4.27.2&#8243; _module_preset=&#8221;03372257-e707-4f48-a5d5-90c72e429ee5&#8243; title_text_color=&#8221;#EDDED3&#8243; locked=&#8221;off&#8221; global_colors_info=&#8221;{}&#8221;][\/et_pb_heading][et_pb_text _builder_version=&#8221;4.27.2&#8243; _module_preset=&#8221;ed4ed6fb-5494-4fdd-96e4-98916c413f34&#8243; global_colors_info=&#8221;{}&#8221;]<\/p>\n<p>Gr\u00e2ce \u00e0 une strat\u00e9gie de communication et d'engagement compl\u00e8te, le projet a accru la sensibilisation du public aux initiatives climatiques et de gouvernance du Conseil, renfor\u00e7ant ainsi le soutien et l'implication de la communaut\u00e9.<\/p>\n<p>[\/et_pb_text][\/et_pb_column][\/et_pb_row][\/et_pb_section][et_pb_section fb_built=&#8221;1&#8243; _builder_version=&#8221;4.27.3&#8243; _module_preset=&#8221;default&#8221; background_color=&#8221;#DFBBA0&#8243; use_background_color_gradient=&#8221;on&#8221; background_color_gradient_direction=&#8221;90deg&#8221; background_color_gradient_stops=&#8221;#edded3 0%|#edded3 16%|rgba(211,219,200,0.2) 16%&#8221; custom_margin=&#8221;0px||0px||false|false&#8221; custom_padding=&#8221;0px||0px||false|false&#8221; background_last_edited=&#8221;on|phone&#8221; use_background_color_gradient_tablet=&#8221;on&#8221; use_background_color_gradient_phone=&#8221;on&#8221; background_color_gradient_stops_tablet=&#8221;#edded3 0%|#edded3 0%|rgba(211,219,200,0.2) 0%&#8221; background_color_gradient_stops_phone=&#8221;#edded3 0%|#edded3 0%|rgba(211,219,200,0.2) 0%&#8221; global_colors_info=&#8221;{}&#8221;][et_pb_row column_structure=&#8221;1_6,1_6,1_6,1_6,1_6,1_6&#8243; use_custom_gutter=&#8221;on&#8221; gutter_width=&#8221;4&#8243; _builder_version=&#8221;4.27.4&#8243; _module_preset=&#8221;default&#8221; width=&#8221;90%&#8221; width_tablet=&#8221;80%&#8221; width_phone=&#8221;80%&#8221; width_last_edited=&#8221;on|phone&#8221; max_width=&#8221;90%&#8221; max_width_tablet=&#8221;80%&#8221; max_width_phone=&#8221;80%&#8221; max_width_last_edited=&#8221;on|phone&#8221; custom_padding=&#8221;25px||25px||true|false&#8221; global_colors_info=&#8221;{}&#8221;][et_pb_column type=&#8221;1_6&#8243; _builder_version=&#8221;4.25.1&#8243; _module_preset=&#8221;default&#8221; global_colors_info=&#8221;{}&#8221;][et_pb_heading title=&#8221;Discover the uniqueness of each of our other projects ! &#8221; _builder_version=&#8221;4.27.2&#8243; _module_preset=&#8221;default&#8221; title_font=&#8221;Poppins|500||on|||||&#8221; title_text_align=&#8221;left&#8221; title_text_color=&#8221;#706159&#8243; title_font_size=&#8221;14px&#8221; title_letter_spacing=&#8221;1px&#8221; title_line_height=&#8221;1.2em&#8221; global_colors_info=&#8221;{}&#8221;][\/et_pb_heading][\/et_pb_column][et_pb_column type=&#8221;1_6&#8243; _builder_version=&#8221;4.25.1&#8243; _module_preset=&#8221;default&#8221; global_colors_info=&#8221;{}&#8221;][et_pb_image src=&#8221;https:\/\/newelement.ch\/wp-content\/uploads\/2025\/07\/LOGO_FHH.png&#8221; alt=&#8221;Logo of the Fondation de la Haute Horlogerie \u2013 Client of NewElement&#8221; title_text=&#8221;FHH logo&#8221; url=&#8221;https:\/\/newelement.ch\/projects\/watchmaking\/&#8221; _builder_version=&#8221;4.27.4&#8243; _module_preset=&#8221;d0db917d-1632-4623-bb18-aa87e2fddc5f&#8221; locked=&#8221;off&#8221; global_colors_info=&#8221;{}&#8221;][\/et_pb_image][\/et_pb_column][et_pb_column type=&#8221;1_6&#8243; _builder_version=&#8221;4.25.1&#8243; _module_preset=&#8221;default&#8221; global_colors_info=&#8221;{}&#8221;][et_pb_image src=&#8221;https:\/\/newelement.ch\/wp-content\/uploads\/2024\/05\/LOGO_NESPRESSO-copie.png&#8221; alt=&#8221;Logo of Nespresso \u2013 Client of NewElement&#8221; title_text=&#8221;Nespresso logo&#8221; url=&#8221;https:\/\/newelement.ch\/projects\/coffee-1\/&#8221; _builder_version=&#8221;4.27.4&#8243; _module_preset=&#8221;d0db917d-1632-4623-bb18-aa87e2fddc5f&#8221; locked=&#8221;off&#8221; global_colors_info=&#8221;{}&#8221;][\/et_pb_image][\/et_pb_column][et_pb_column type=&#8221;1_6&#8243; _builder_version=&#8221;4.25.1&#8243; _module_preset=&#8221;default&#8221; global_colors_info=&#8221;{}&#8221;][et_pb_image src=&#8221;https:\/\/newelement.ch\/wp-content\/uploads\/2024\/05\/LOGO_NESPRESSO-copie.png&#8221; alt=&#8221;Logo of Nespresso \u2013 Client of NewElement&#8221; title_text=&#8221;Nespresso logo&#8221; url=&#8221;https:\/\/newelement.ch\/projects\/coffee-2\/&#8221; _builder_version=&#8221;4.27.4&#8243; _module_preset=&#8221;d0db917d-1632-4623-bb18-aa87e2fddc5f&#8221; locked=&#8221;off&#8221; global_colors_info=&#8221;{}&#8221;][\/et_pb_image][\/et_pb_column][et_pb_column type=&#8221;1_6&#8243; _builder_version=&#8221;4.25.1&#8243; _module_preset=&#8221;default&#8221; global_colors_info=&#8221;{}&#8221;][et_pb_image src=&#8221;https:\/\/newelement.ch\/wp-content\/uploads\/2024\/11\/LOGO_REITZEL-2.png&#8221; alt=&#8221;Logo of Reitzel \u2013 Client of NewElement&#8221; title_text=&#8221;Reitzel logo&#8221; url=&#8221;https:\/\/newelement.ch\/projects\/pickle\/&#8221; _builder_version=&#8221;4.27.4&#8243; _module_preset=&#8221;d0db917d-1632-4623-bb18-aa87e2fddc5f&#8221; global_colors_info=&#8221;{}&#8221;][\/et_pb_image][\/et_pb_column][et_pb_column type=&#8221;1_6&#8243; _builder_version=&#8221;4.25.1&#8243; _module_preset=&#8221;default&#8221; global_colors_info=&#8221;{}&#8221;][et_pb_image src=&#8221;https:\/\/newelement.ch\/wp-content\/uploads\/2024\/05\/LOGO_NESTLE-WATERS-copie.png&#8221; alt=&#8221;Logo of Nestl\u00e9 Waters \u2013 Client of NewElement&#8221; title_text=&#8221;Nestl\u00e9 Waters logo&#8221; url=&#8221;https:\/\/newelement.ch\/projects\/water\/&#8221; _builder_version=&#8221;4.27.4&#8243; _module_preset=&#8221;d0db917d-1632-4623-bb18-aa87e2fddc5f&#8221; locked=&#8221;off&#8221; global_colors_info=&#8221;{}&#8221;][\/et_pb_image][\/et_pb_column][\/et_pb_row][\/et_pb_section]<\/p>\n<span class=\"et_bloom_bottom_trigger\"><\/span>","protected":false},"excerpt":{"rendered":"<p>The Canton of Fribourg\u2019s State Council sought to enhance alignment and strategic clarity across its initiatives, focusing on climate commitment, legislative achievements, and future planning. With the 2021 elections and increasing expectations for environmental accountability, the Council aimed for a unified approach to communicate its climate plan, report legislative progress, and define a strategic vision [&hellip;]<\/p>","protected":false},"author":1,"featured_media":0,"parent":2124,"menu_order":0,"comment_status":"closed","ping_status":"closed","template":"","meta":{"_et_pb_use_builder":"on","_et_pb_old_content":"","_et_gb_content_width":"","footnotes":""},"class_list":["post-3886","page","type-page","status-publish","hentry"],"_links":{"self":[{"href":"https:\/\/newelement.ch\/fr\/wp-json\/wp\/v2\/pages\/3886","targetHints":{"allow":["GET"]}}],"collection":[{"href":"https:\/\/newelement.ch\/fr\/wp-json\/wp\/v2\/pages"}],"about":[{"href":"https:\/\/newelement.ch\/fr\/wp-json\/wp\/v2\/types\/page"}],"author":[{"embeddable":true,"href":"https:\/\/newelement.ch\/fr\/wp-json\/wp\/v2\/users\/1"}],"replies":[{"embeddable":true,"href":"https:\/\/newelement.ch\/fr\/wp-json\/wp\/v2\/comments?post=3886"}],"version-history":[{"count":32,"href":"https:\/\/newelement.ch\/fr\/wp-json\/wp\/v2\/pages\/3886\/revisions"}],"predecessor-version":[{"id":5685,"href":"https:\/\/newelement.ch\/fr\/wp-json\/wp\/v2\/pages\/3886\/revisions\/5685"}],"up":[{"embeddable":true,"href":"https:\/\/newelement.ch\/fr\/wp-json\/wp\/v2\/pages\/2124"}],"wp:attachment":[{"href":"https:\/\/newelement.ch\/fr\/wp-json\/wp\/v2\/media?parent=3886"}],"curies":[{"name":"wp","href":"https:\/\/api.w.org\/{rel}","templated":true}]}}