{"id":3860,"date":"2024-11-07T11:52:15","date_gmt":"2024-11-07T10:52:15","guid":{"rendered":"https:\/\/newelement.ch\/?page_id=3860"},"modified":"2025-12-04T09:57:35","modified_gmt":"2025-12-04T08:57:35","slug":"palm-oil","status":"publish","type":"page","link":"https:\/\/newelement.ch\/fr\/projects\/palm-oil\/","title":{"rendered":"Huile de palme"},"content":{"rendered":"<p>[et_pb_section fb_built=&#8221;1&#8243; custom_padding_last_edited=&#8221;on|phone&#8221; _builder_version=&#8221;4.27.4&#8243; _module_preset=&#8221;default&#8221; background_enable_color=&#8221;off&#8221; use_background_color_gradient=&#8221;on&#8221; background_color_gradient_direction=&#8221;90deg&#8221; background_color_gradient_stops=&#8221;rgba(112,97,89,0.6) 0%|rgba(112,97,89,0.6) 50%|rgba(112,97,89,0.1) 50%|rgba(112,97,89,0.1) 99%&#8221; background_color_gradient_overlays_image=&#8221;on&#8221; background_image=&#8221;https:\/\/newelement.ch\/wp-content\/uploads\/2024\/11\/AdobeStock_529660343-scaled-e1730977077794.jpeg&#8221; parallax=&#8221;on&#8221; custom_padding=&#8221;100px||130px||false|false&#8221; custom_padding_tablet=&#8221;70px||70px||false|false&#8221; custom_padding_phone=&#8221;40px||40px||false|false&#8221; background_last_edited=&#8221;on|desktop&#8221; use_background_color_gradient_tablet=&#8221;on&#8221; use_background_color_gradient_phone=&#8221;on&#8221; background_color_gradient_stops_tablet=&#8221;rgba(112,97,89,0.6) 0%|rgba(112,97,89,0.6) 100%|rgba(112,97,89,0.1) 100%|rgba(112,97,89,0.1) 100%&#8221; background_color_gradient_stops_phone=&#8221;rgba(112,97,89,0.6) 0%|rgba(112,97,89,0.6) 100%|rgba(112,97,89,0.1) 100%|rgba(112,97,89,0.1) 100%&#8221; locked=&#8221;off&#8221; global_colors_info=&#8221;{}&#8221;][et_pb_row column_structure=&#8221;1_2,1_2&#8243; use_custom_gutter=&#8221;on&#8221; gutter_width=&#8221;3&#8243; _builder_version=&#8221;4.27.4&#8243; _module_preset=&#8221;default&#8221; max_width=&#8221;80%&#8221; custom_padding=&#8221;0px||0px||false|false&#8221; global_colors_info=&#8221;{}&#8221;][et_pb_column type=&#8221;1_2&#8243; _builder_version=&#8221;4.25.1&#8243; _module_preset=&#8221;default&#8221; global_colors_info=&#8221;{}&#8221;][et_pb_heading title=&#8221;Strengthening Transparency and Trust for Sustainable Growth,&#8221; _builder_version=&#8221;4.27.2&#8243; _module_preset=&#8221;default&#8221; title_text_color=&#8221;#FFFFFF&#8221; width=&#8221;90%&#8221; max_width=&#8221;90%&#8221; custom_padding=&#8221;0px|0px|0px|0px|false|false&#8221; title_font_size_tablet=&#8221;30px&#8221; title_font_size_phone=&#8221;22px&#8221; title_font_size_last_edited=&#8221;on|tablet&#8221; global_colors_info=&#8221;{}&#8221;][\/et_pb_heading][et_pb_heading title=&#8221;Socfin&#8221; _builder_version=&#8221;4.27.2&#8243; _module_preset=&#8221;default&#8221; title_font=&#8221;Poppins|500||on|||||&#8221; title_text_color=&#8221;#FFFFFF&#8221; width=&#8221;90%&#8221; max_width=&#8221;90%&#8221; title_font_size_tablet=&#8221;30px&#8221; title_font_size_phone=&#8221;22px&#8221; title_font_size_last_edited=&#8221;on|tablet&#8221; global_colors_info=&#8221;{}&#8221;][\/et_pb_heading][\/et_pb_column][et_pb_column type=&#8221;1_2&#8243; _builder_version=&#8221;4.25.1&#8243; _module_preset=&#8221;default&#8221; global_colors_info=&#8221;{}&#8221;][\/et_pb_column][\/et_pb_row][\/et_pb_section][et_pb_section fb_built=&#8221;1&#8243; custom_padding_last_edited=&#8221;on|phone&#8221; _builder_version=&#8221;4.27.3&#8243; _module_preset=&#8221;default&#8221; background_color=&#8221;#F8F7F7&#8243; use_background_color_gradient=&#8221;on&#8221; background_color_gradient_direction=&#8221;90deg&#8221; background_color_gradient_stops=&#8221;rgba(255,255,255,0) 0%|rgba(255,255,255,0) 50%|#92afa0 50%&#8221; custom_padding=&#8221;40px||70px||false|false&#8221; custom_padding_tablet=&#8221;40px||0px||false|false&#8221; custom_padding_phone=&#8221;0px||0px||true|false&#8221; background_last_edited=&#8221;on|phone&#8221; use_background_color_gradient_tablet=&#8221;on&#8221; use_background_color_gradient_phone=&#8221;on&#8221; background_color_gradient_stops_tablet=&#8221;rgba(255,255,255,0) 0%|rgba(255,255,255,0) 100%|#92afa0 100%&#8221; background_color_gradient_stops_phone=&#8221;rgba(255,255,255,0) 0%|rgba(255,255,255,0) 100%|#92afa0 100%&#8221; locked=&#8221;off&#8221; global_colors_info=&#8221;{}&#8221;][et_pb_row column_structure=&#8221;1_2,1_2&#8243; use_custom_gutter=&#8221;on&#8221; gutter_width=&#8221;4&#8243; _builder_version=&#8221;4.27.3&#8243; _module_preset=&#8221;default&#8221; width_tablet=&#8221;100%&#8221; width_phone=&#8221;100%&#8221; width_last_edited=&#8221;on|phone&#8221; max_width=&#8221;80%&#8221; max_width_tablet=&#8221;100%&#8221; max_width_phone=&#8221;100%&#8221; max_width_last_edited=&#8221;on|phone&#8221; module_alignment=&#8221;center&#8221; custom_margin=&#8221;0px||0px||false|false&#8221; custom_padding=&#8221;0px||0px||false|false&#8221; global_colors_info=&#8221;{}&#8221;][et_pb_column type=&#8221;1_2&#8243; _builder_version=&#8221;4.27.3&#8243; _module_preset=&#8221;default&#8221; custom_padding_tablet=&#8221;0px|80px|40px|80px|false|true&#8221; custom_padding_phone=&#8221;30px|40px|40px|40px|false|true&#8221; custom_padding_last_edited=&#8221;on|phone&#8221; global_colors_info=&#8221;{}&#8221;][et_pb_heading title=&#8221;Context&#8221; _builder_version=&#8221;4.27.2&#8243; _module_preset=&#8221;4a326f49-5fe5-4324-9dd1-39f0bc2f82d5&#8243; title_text_color=&#8221;#000000&#8243; global_colors_info=&#8221;{}&#8221;][\/et_pb_heading][et_pb_text _builder_version=&#8221;4.27.3&#8243; _module_preset=&#8221;default&#8221; text_font=&#8221;Poppins|300|||||||&#8221; text_text_color=&#8221;#000000&#8243; header_2_font=&#8221;Poppins|600||on|||||&#8221; header_2_font_size=&#8221;28px&#8221; text_font_size_tablet=&#8221;15px&#8221; text_font_size_phone=&#8221;14px&#8221; text_font_size_last_edited=&#8221;on|phone&#8221; text_line_height_tablet=&#8221;1.5em&#8221; text_line_height_phone=&#8221;1.4em&#8221; text_line_height_last_edited=&#8221;on|phone&#8221; global_colors_info=&#8221;{}&#8221;]<\/p>\n<p>Malgr\u00e9 de solides efforts en mati\u00e8re de durabilit\u00e9, Socfin a rencontr\u00e9 des d\u00e9fis r\u00e9putationnels en raison de id\u00e9es re\u00e7ues sur la valeur nutritionnelle de l'huile de palme et son impact environnemental, tels que la d\u00e9forestation. En conciliant des op\u00e9rations \u00e0 grande \u00e9chelle avec des partenariats parmi les petits exploitants, Socfin a cherch\u00e9 \u00e0 r\u00e9pondre aux malentendus des ONG et du grand public. Pour instaurer la confiance, l'entreprise a mis en avant les avantages de l'huile de palme et ses pratiques certifi\u00e9es par la RSPO. Avec plus de 200 000 hectares sous gestion, Socfin visait \u00e0 communiquer ses engagements de mani\u00e8re transparente\u2014du soutien aux agriculteurs aux soins de sant\u00e9\u2014tout en progressant vers ses objectifs de durabilit\u00e9 pour 2030.<\/p>\n<p>[\/et_pb_text][\/et_pb_column][et_pb_column type=&#8221;1_2&#8243; _builder_version=&#8221;4.27.3&#8243; _module_preset=&#8221;default&#8221; custom_padding_tablet=&#8221;40px|80px|50px|80px|false|false&#8221; custom_padding_phone=&#8221;30px|40px|40px|40px|false|true&#8221; custom_padding_last_edited=&#8221;on|phone&#8221; background_color_tablet=&#8221;#92afa0&#8243; background_color_phone=&#8221;#92afa0&#8243; background_last_edited=&#8221;on|phone&#8221; background_enable_color_tablet=&#8221;on&#8221; background_enable_color_phone=&#8221;on&#8221; global_colors_info=&#8221;{}&#8221;][et_pb_heading title=&#8221;Solution&#8221; _builder_version=&#8221;4.27.2&#8243; _module_preset=&#8221;4a326f49-5fe5-4324-9dd1-39f0bc2f82d5&#8243; title_text_color=&#8221;#FFFFFF&#8221; global_colors_info=&#8221;{}&#8221;][\/et_pb_heading][et_pb_text _builder_version=&#8221;4.27.3&#8243; _module_preset=&#8221;default&#8221; text_font=&#8221;Poppins|300|||||||&#8221; text_text_color=&#8221;#FFFFFF&#8221; header_2_font=&#8221;Poppins|600||on|||||&#8221; header_2_font_size=&#8221;28px&#8221; custom_padding=&#8221;||0px|||&#8221; text_font_size_tablet=&#8221;15px&#8221; text_font_size_phone=&#8221;14px&#8221; text_font_size_last_edited=&#8221;on|phone&#8221; text_line_height_tablet=&#8221;1.5em&#8221; text_line_height_phone=&#8221;1.4em&#8221; text_line_height_last_edited=&#8221;on|phone&#8221; global_colors_info=&#8221;{}&#8221;]<\/p>\n<p>NewElement a collabor\u00e9 avec l'\u00e9quipe de durabilit\u00e9 de Socfin pour \u00e9tablir un cadre de gouvernance alliant des approches descendantes et ascendantes pour une gestion efficace de la durabilit\u00e9. Ce cadre a permis un engagement r\u00e9gulier avec le Conseil d'administration, renfor\u00e7ant le positionnement de la durabilit\u00e9 et favorisant la collaboration avec des partenaires strat\u00e9giques tels que GPSNR et RSPO pour soutenir les certifications z\u00e9ro d\u00e9forestation. NewElement a align\u00e9 la strat\u00e9gie de durabilit\u00e9 2030 de Socfin autour de piliers cl\u00e9s, formant les \u00e9quipes locales \u00e0 d\u00e9velopper des fiches d'information, des kits de crise et des plans de communication, tout en \u00e9laborant une strat\u00e9gie sur les r\u00e9seaux sociaux pour renforcer la transparence et la confiance.<\/p>\n<p>[\/et_pb_text][\/et_pb_column][\/et_pb_row][\/et_pb_section][et_pb_section fb_built=&#8221;1&#8243; custom_padding_last_edited=&#8221;on|phone&#8221; _builder_version=&#8221;4.27.4&#8243; _module_preset=&#8221;default&#8221; background_color=&#8221;#A59283&#8243; custom_padding=&#8221;40px||100px||false|false&#8221; custom_padding_tablet=&#8221;40px||60px||false|false&#8221; custom_padding_phone=&#8221;30px||40px||false|false&#8221; border_color_top=&#8221;#A59283&#8243; locked=&#8221;off&#8221; global_colors_info=&#8221;{}&#8221;][et_pb_row column_structure=&#8221;1_2,1_2&#8243; use_custom_gutter=&#8221;on&#8221; gutter_width=&#8221;4&#8243; _builder_version=&#8221;4.27.2&#8243; _module_preset=&#8221;default&#8221; max_width=&#8221;80%&#8221; custom_padding=&#8221;0px||0px||false|false&#8221; locked=&#8221;off&#8221; global_colors_info=&#8221;{}&#8221;][et_pb_column type=&#8221;1_2&#8243; _builder_version=&#8221;4.27.2&#8243; _module_preset=&#8221;default&#8221; global_colors_info=&#8221;{}&#8221;][et_pb_heading title=&#8221;Impact&#8221; _builder_version=&#8221;4.27.2&#8243; _module_preset=&#8221;4a326f49-5fe5-4324-9dd1-39f0bc2f82d5&#8243; title_text_color=&#8221;#F8F7F7&#8243; global_colors_info=&#8221;{}&#8221;][\/et_pb_heading][\/et_pb_column][et_pb_column type=&#8221;1_2&#8243; _builder_version=&#8221;4.27.2&#8243; _module_preset=&#8221;default&#8221; global_colors_info=&#8221;{}&#8221;][et_pb_text _builder_version=&#8221;4.27.2&#8243; _module_preset=&#8221;5cc4d197-68b2-4b21-8c9f-0fb2196a1d2b&#8221; text_text_color=&#8221;#F8F7F7&#8243; global_colors_info=&#8221;{}&#8221;]<\/p>\n<p>Le cadre de communication de NewElement a g\u00e9n\u00e9r\u00e9 des impacts notables pour Socfin au cours de leur collaboration de quatre ans :<\/p>\n<p>[\/et_pb_text][\/et_pb_column][\/et_pb_row][et_pb_row column_structure=&#8221;1_4,1_4,1_4,1_4&#8243; use_custom_gutter=&#8221;on&#8221; gutter_width=&#8221;3&#8243; _builder_version=&#8221;4.27.2&#8243; _module_preset=&#8221;default&#8221; max_width=&#8221;80%&#8221; custom_padding=&#8221;0px||0px||false|false&#8221; global_colors_info=&#8221;{}&#8221;][et_pb_column type=&#8221;1_4&#8243; _builder_version=&#8221;4.25.0&#8243; _module_preset=&#8221;default&#8221; global_colors_info=&#8221;{}&#8221;][et_pb_heading title=&#8221;1&#8243; _builder_version=&#8221;4.27.2&#8243; _module_preset=&#8221;38780d28-962e-4809-ba09-e04cf7a79650&#8243; title_text_color=&#8221;#F8F7F7&#8243; global_colors_info=&#8221;{}&#8221;][\/et_pb_heading][et_pb_heading title=&#8221;Enhanced Transparency&#8221; _builder_version=&#8221;4.27.2&#8243; _module_preset=&#8221;03372257-e707-4f48-a5d5-90c72e429ee5&#8243; locked=&#8221;off&#8221; global_colors_info=&#8221;{}&#8221;][\/et_pb_heading][et_pb_text _builder_version=&#8221;4.27.2&#8243; _module_preset=&#8221;ed4ed6fb-5494-4fdd-96e4-98916c413f34&#8243; text_text_color=&#8221;#F8F7F7&#8243; global_colors_info=&#8221;{}&#8221;]<\/p>\n<p>Des mises \u00e0 jour r\u00e9guli\u00e8res sur les efforts de durabilit\u00e9 ont am\u00e9lior\u00e9 la transparence et la confiance entre les ONG, les m\u00e9dias et les clients.<\/p>\n<p>[\/et_pb_text][\/et_pb_column][et_pb_column type=&#8221;1_4&#8243; _builder_version=&#8221;4.25.0&#8243; _module_preset=&#8221;default&#8221; global_colors_info=&#8221;{}&#8221;][et_pb_heading title=&#8221;2&#8243; _builder_version=&#8221;4.27.2&#8243; _module_preset=&#8221;38780d28-962e-4809-ba09-e04cf7a79650&#8243; title_text_color=&#8221;#F8F7F7&#8243; global_colors_info=&#8221;{}&#8221;][\/et_pb_heading][et_pb_heading title=&#8221;Proactive Crisis Management&#8221; _builder_version=&#8221;4.27.2&#8243; _module_preset=&#8221;03372257-e707-4f48-a5d5-90c72e429ee5&#8243; locked=&#8221;off&#8221; global_colors_info=&#8221;{}&#8221;][\/et_pb_heading][et_pb_text _builder_version=&#8221;4.27.2&#8243; _module_preset=&#8221;ed4ed6fb-5494-4fdd-96e4-98916c413f34&#8243; text_text_color=&#8221;#F8F7F7&#8243; header_text_color=&#8221;#EDDED3&#8243; global_colors_info=&#8221;{}&#8221;]<\/p>\n<p>Une strat\u00e9gie structur\u00e9e, des documents de questions-r\u00e9ponses et un engagement sur les r\u00e9seaux sociaux ont aid\u00e9 Socfin \u00e0 g\u00e9rer efficacement les risques r\u00e9putationnels.<\/p>\n<p>[\/et_pb_text][\/et_pb_column][et_pb_column type=&#8221;1_4&#8243; _builder_version=&#8221;4.25.0&#8243; _module_preset=&#8221;default&#8221; global_colors_info=&#8221;{}&#8221;][et_pb_heading title=&#8221;3&#8243; _builder_version=&#8221;4.27.2&#8243; _module_preset=&#8221;38780d28-962e-4809-ba09-e04cf7a79650&#8243; title_text_color=&#8221;#F8F7F7&#8243; global_colors_info=&#8221;{}&#8221;][\/et_pb_heading][et_pb_heading title=&#8221;Improved Perception&#8221; _builder_version=&#8221;4.27.2&#8243; _module_preset=&#8221;03372257-e707-4f48-a5d5-90c72e429ee5&#8243; locked=&#8221;off&#8221; global_colors_info=&#8221;{}&#8221;][\/et_pb_heading][et_pb_text _builder_version=&#8221;4.27.2&#8243; _module_preset=&#8221;ed4ed6fb-5494-4fdd-96e4-98916c413f34&#8243; text_text_color=&#8221;#F8F7F7&#8243; global_colors_info=&#8221;{}&#8221;]<\/p>\n<p>L'engagement actif \u00e0 travers des rapports, des documents de position et les r\u00e9seaux sociaux a renforc\u00e9 l'image de Socfin aupr\u00e8s des ONG et des clients.<\/p>\n<p>[\/et_pb_text][\/et_pb_column][et_pb_column type=&#8221;1_4&#8243; _builder_version=&#8221;4.25.0&#8243; _module_preset=&#8221;default&#8221; global_colors_info=&#8221;{}&#8221;][et_pb_heading title=&#8221;4&#8243; _builder_version=&#8221;4.27.2&#8243; _module_preset=&#8221;38780d28-962e-4809-ba09-e04cf7a79650&#8243; title_text_color=&#8221;#F8F7F7&#8243; global_colors_info=&#8221;{}&#8221;][\/et_pb_heading][et_pb_heading title=&#8221;Increased Credibility&#8221; _builder_version=&#8221;4.27.2&#8243; _module_preset=&#8221;03372257-e707-4f48-a5d5-90c72e429ee5&#8243; locked=&#8221;off&#8221; global_colors_info=&#8221;{}&#8221;][\/et_pb_heading][et_pb_text _builder_version=&#8221;4.27.2&#8243; _module_preset=&#8221;ed4ed6fb-5494-4fdd-96e4-98916c413f34&#8243; text_text_color=&#8221;#F8F7F7&#8243; global_colors_info=&#8221;{}&#8221;]<\/p>\n<p>Le soutien de NewElement dans la d\u00e9finition d'objectifs clairs pour 2030 et dans l'\u00e9tablissement de partenariats a renforc\u00e9 la cr\u00e9dibilit\u00e9 de Socfin en tant que leader en durabilit\u00e9 dans les secteurs de l'huile de palme et du caoutchouc.<\/p>\n<p>[\/et_pb_text][\/et_pb_column][\/et_pb_row][\/et_pb_section][et_pb_section fb_built=&#8221;1&#8243; _builder_version=&#8221;4.27.3&#8243; _module_preset=&#8221;default&#8221; background_color=&#8221;#EDDED3&#8243; use_background_color_gradient=&#8221;on&#8221; background_color_gradient_direction=&#8221;90deg&#8221; background_color_gradient_stops=&#8221;#d3dbc8 0%|#d3dbc8 16%|rgba(211,219,200,0.2) 16%&#8221; custom_margin=&#8221;0px||0px||false|false&#8221; custom_padding=&#8221;0px||0px||false|false&#8221; background_last_edited=&#8221;on|phone&#8221; use_background_color_gradient_tablet=&#8221;on&#8221; use_background_color_gradient_phone=&#8221;on&#8221; background_color_gradient_stops_tablet=&#8221;#d3dbc8 0%|#d3dbc8 0%|rgba(211,219,200,0.2) 0%&#8221; background_color_gradient_stops_phone=&#8221;#d3dbc8 0%|#d3dbc8 0%|rgba(211,219,200,0.2) 0%&#8221; global_colors_info=&#8221;{}&#8221;][et_pb_row column_structure=&#8221;1_6,1_6,1_6,1_6,1_6,1_6&#8243; use_custom_gutter=&#8221;on&#8221; gutter_width=&#8221;4&#8243; _builder_version=&#8221;4.27.3&#8243; _module_preset=&#8221;default&#8221; width=&#8221;90%&#8221; width_tablet=&#8221;80%&#8221; width_phone=&#8221;80%&#8221; width_last_edited=&#8221;on|phone&#8221; max_width=&#8221;90%&#8221; max_width_tablet=&#8221;80%&#8221; max_width_phone=&#8221;80%&#8221; max_width_last_edited=&#8221;on|phone&#8221; custom_padding=&#8221;25px||25px||true|false&#8221; global_colors_info=&#8221;{}&#8221;][et_pb_column type=&#8221;1_6&#8243; _builder_version=&#8221;4.25.1&#8243; _module_preset=&#8221;default&#8221; global_colors_info=&#8221;{}&#8221;][et_pb_heading title=&#8221;Discover the uniqueness of each of our other projects ! &#8221; _builder_version=&#8221;4.27.2&#8243; _module_preset=&#8221;default&#8221; title_font=&#8221;Poppins|500||on|||||&#8221; title_text_align=&#8221;left&#8221; title_text_color=&#8221;#706159&#8243; title_font_size=&#8221;14px&#8221; title_letter_spacing=&#8221;1px&#8221; title_line_height=&#8221;1.2em&#8221; global_colors_info=&#8221;{}&#8221;][\/et_pb_heading][\/et_pb_column][et_pb_column type=&#8221;1_6&#8243; _builder_version=&#8221;4.25.1&#8243; _module_preset=&#8221;default&#8221; global_colors_info=&#8221;{}&#8221;][et_pb_image src=&#8221;https:\/\/newelement.ch\/wp-content\/uploads\/2025\/07\/LOGO_SSE.png&#8221; alt=&#8221;Logo of SSE Group \u2013 Client of NewElement&#8221; title_text=&#8221;SSE Group logo&#8221; url=&#8221;https:\/\/newelement.ch\/projects\/civil-explosive\/&#8221; _builder_version=&#8221;4.27.4&#8243; _module_preset=&#8221;d0db917d-1632-4623-bb18-aa87e2fddc5f&#8221; locked=&#8221;off&#8221; global_colors_info=&#8221;{}&#8221;][\/et_pb_image][\/et_pb_column][et_pb_column type=&#8221;1_6&#8243; _builder_version=&#8221;4.25.1&#8243; _module_preset=&#8221;default&#8221; global_colors_info=&#8221;{}&#8221;][et_pb_image src=&#8221;https:\/\/newelement.ch\/wp-content\/uploads\/2025\/07\/LOGO_SWISS-MEDICAL-NETWORK.png&#8221; alt=&#8221;Logo of Swiss Medical Network \u2013 Client of NewElement&#8221; title_text=&#8221;Swiss Medical Network logo&#8221; url=&#8221;https:\/\/newelement.ch\/projects\/healthcare\/&#8221; _builder_version=&#8221;4.27.4&#8243; _module_preset=&#8221;d0db917d-1632-4623-bb18-aa87e2fddc5f&#8221; locked=&#8221;off&#8221; global_colors_info=&#8221;{}&#8221;][\/et_pb_image][\/et_pb_column][et_pb_column type=&#8221;1_6&#8243; _builder_version=&#8221;4.25.1&#8243; _module_preset=&#8221;default&#8221; global_colors_info=&#8221;{}&#8221;][et_pb_image src=&#8221;https:\/\/newelement.ch\/wp-content\/uploads\/2024\/05\/LOGO_ETAT-DE-FRIBOURG-copie.png&#8221; alt=&#8221;Logo of the State of Fribourg \u2013 Client of NewElement&#8221; title_text=&#8221;State of Fribourg logo&#8221; url=&#8221;https:\/\/newelement.ch\/projects\/government\/&#8221; _builder_version=&#8221;4.27.4&#8243; _module_preset=&#8221;d0db917d-1632-4623-bb18-aa87e2fddc5f&#8221; locked=&#8221;off&#8221; global_colors_info=&#8221;{}&#8221;][\/et_pb_image][\/et_pb_column][et_pb_column type=&#8221;1_6&#8243; _builder_version=&#8221;4.25.1&#8243; _module_preset=&#8221;default&#8221; global_colors_info=&#8221;{}&#8221;][et_pb_image src=&#8221;https:\/\/newelement.ch\/wp-content\/uploads\/2025\/07\/LOGO_FHH.png&#8221; alt=&#8221;Logo of the Fondation de la Haute Horlogerie \u2013 Client of NewElement&#8221; title_text=&#8221;FHH logo&#8221; url=&#8221;https:\/\/newelement.ch\/projects\/watchmaking&#8221; _builder_version=&#8221;4.27.4&#8243; _module_preset=&#8221;d0db917d-1632-4623-bb18-aa87e2fddc5f&#8221; locked=&#8221;off&#8221; global_colors_info=&#8221;{}&#8221;][\/et_pb_image][\/et_pb_column][et_pb_column type=&#8221;1_6&#8243; _builder_version=&#8221;4.25.1&#8243; _module_preset=&#8221;default&#8221; global_colors_info=&#8221;{}&#8221;][et_pb_image src=&#8221;https:\/\/newelement.ch\/wp-content\/uploads\/2024\/05\/LOGO_NESPRESSO-copie.png&#8221; alt=&#8221;Logo of Nespresso \u2013 Client of NewElement&#8221; title_text=&#8221;Nespresso logo&#8221; url=&#8221;https:\/\/newelement.ch\/projects\/coffee-1\/&#8221; _builder_version=&#8221;4.27.4&#8243; _module_preset=&#8221;d0db917d-1632-4623-bb18-aa87e2fddc5f&#8221; locked=&#8221;off&#8221; global_colors_info=&#8221;{}&#8221;][\/et_pb_image][\/et_pb_column][\/et_pb_row][\/et_pb_section]<\/p>\n<span class=\"et_bloom_bottom_trigger\"><\/span>","protected":false},"excerpt":{"rendered":"<p>Despite strong sustainability efforts, Socfin faced reputational challenges due to misconceptions about palm oil\u2019s nutritional value and environmental impact, such as deforestation. Balancing large-scale operations with partnerships among smallholder farmers, Socfin worked to address misunderstandings from NGOs and the public. To build trust, the company highlighted the benefits of palm oil and its RSPO-certified practices. [&hellip;]<\/p>","protected":false},"author":1,"featured_media":0,"parent":2124,"menu_order":0,"comment_status":"closed","ping_status":"closed","template":"","meta":{"_et_pb_use_builder":"on","_et_pb_old_content":"","_et_gb_content_width":"","footnotes":""},"class_list":["post-3860","page","type-page","status-publish","hentry"],"_links":{"self":[{"href":"https:\/\/newelement.ch\/fr\/wp-json\/wp\/v2\/pages\/3860","targetHints":{"allow":["GET"]}}],"collection":[{"href":"https:\/\/newelement.ch\/fr\/wp-json\/wp\/v2\/pages"}],"about":[{"href":"https:\/\/newelement.ch\/fr\/wp-json\/wp\/v2\/types\/page"}],"author":[{"embeddable":true,"href":"https:\/\/newelement.ch\/fr\/wp-json\/wp\/v2\/users\/1"}],"replies":[{"embeddable":true,"href":"https:\/\/newelement.ch\/fr\/wp-json\/wp\/v2\/comments?post=3860"}],"version-history":[{"count":25,"href":"https:\/\/newelement.ch\/fr\/wp-json\/wp\/v2\/pages\/3860\/revisions"}],"predecessor-version":[{"id":5678,"href":"https:\/\/newelement.ch\/fr\/wp-json\/wp\/v2\/pages\/3860\/revisions\/5678"}],"up":[{"embeddable":true,"href":"https:\/\/newelement.ch\/fr\/wp-json\/wp\/v2\/pages\/2124"}],"wp:attachment":[{"href":"https:\/\/newelement.ch\/fr\/wp-json\/wp\/v2\/media?parent=3860"}],"curies":[{"name":"wp","href":"https:\/\/api.w.org\/{rel}","templated":true}]}}