{"id":3852,"date":"2024-11-07T11:15:23","date_gmt":"2024-11-07T10:15:23","guid":{"rendered":"https:\/\/newelement.ch\/?page_id=3852"},"modified":"2025-12-04T09:58:07","modified_gmt":"2025-12-04T08:58:07","slug":"water","status":"publish","type":"page","link":"https:\/\/newelement.ch\/fr\/projects\/water\/","title":{"rendered":"Eau"},"content":{"rendered":"<p>[et_pb_section fb_built=&#8221;1&#8243; custom_padding_last_edited=&#8221;on|phone&#8221; _builder_version=&#8221;4.27.4&#8243; _module_preset=&#8221;default&#8221; background_enable_color=&#8221;off&#8221; use_background_color_gradient=&#8221;on&#8221; background_color_gradient_direction=&#8221;90deg&#8221; background_color_gradient_stops=&#8221;rgba(146,175,160,0.6) 0%|rgba(146,175,160,0.6) 50%|rgba(146,175,160,0.1) 50%|rgba(146,175,160,0.1) 100%&#8221; background_color_gradient_overlays_image=&#8221;on&#8221; background_image=&#8221;https:\/\/newelement.ch\/wp-content\/uploads\/2024\/11\/8payr596e_w-e1730976216877.jpg&#8221; parallax=&#8221;on&#8221; custom_padding=&#8221;100px||130px||false|false&#8221; custom_padding_tablet=&#8221;70px||70px||false|false&#8221; custom_padding_phone=&#8221;40px||40px||false|false&#8221; background_last_edited=&#8221;on|desktop&#8221; use_background_color_gradient_tablet=&#8221;on&#8221; use_background_color_gradient_phone=&#8221;on&#8221; background_color_gradient_stops_tablet=&#8221;rgba(146,175,160,0.6) 0%|rgba(146,175,160,0.6) 100%|rgba(146,175,160,0.1) 100%|rgba(146,175,160,0.1) 100%&#8221; background_color_gradient_stops_phone=&#8221;rgba(146,175,160,0.6) 0%|rgba(146,175,160,0.6) 100%|rgba(146,175,160,0.1) 100%|rgba(146,175,160,0.1) 100%&#8221; locked=&#8221;off&#8221; global_colors_info=&#8221;{}&#8221;][et_pb_row column_structure=&#8221;1_2,1_2&#8243; use_custom_gutter=&#8221;on&#8221; gutter_width=&#8221;3&#8243; _builder_version=&#8221;4.27.4&#8243; _module_preset=&#8221;default&#8221; max_width=&#8221;80%&#8221; custom_padding=&#8221;0px||0px||false|false&#8221; global_colors_info=&#8221;{}&#8221;][et_pb_column type=&#8221;1_2&#8243; _builder_version=&#8221;4.25.1&#8243; _module_preset=&#8221;default&#8221; global_colors_info=&#8221;{}&#8221;][et_pb_heading title=&#8221;Building Trust and Inspiring Action for a Sustainable Future,&#8221; _builder_version=&#8221;4.27.2&#8243; _module_preset=&#8221;default&#8221; title_text_color=&#8221;#FFFFFF&#8221; width=&#8221;90%&#8221; max_width=&#8221;90%&#8221; custom_padding=&#8221;0px|0px|0px|0px|false|false&#8221; title_font_size_tablet=&#8221;30px&#8221; title_font_size_phone=&#8221;22px&#8221; title_font_size_last_edited=&#8221;on|tablet&#8221; global_colors_info=&#8221;{}&#8221;][\/et_pb_heading][et_pb_heading title=&#8221;Nestl\u00e9 Waters&#8221; _builder_version=&#8221;4.27.2&#8243; _module_preset=&#8221;default&#8221; title_font=&#8221;Poppins|500||on|||||&#8221; title_text_color=&#8221;#FFFFFF&#8221; width=&#8221;90%&#8221; max_width=&#8221;90%&#8221; title_font_size_tablet=&#8221;30px&#8221; title_font_size_phone=&#8221;22px&#8221; title_font_size_last_edited=&#8221;on|tablet&#8221; global_colors_info=&#8221;{}&#8221;][\/et_pb_heading][\/et_pb_column][et_pb_column type=&#8221;1_2&#8243; _builder_version=&#8221;4.25.1&#8243; _module_preset=&#8221;default&#8221; global_colors_info=&#8221;{}&#8221;][\/et_pb_column][\/et_pb_row][\/et_pb_section][et_pb_section fb_built=&#8221;1&#8243; custom_padding_last_edited=&#8221;on|phone&#8221; _builder_version=&#8221;4.27.3&#8243; _module_preset=&#8221;default&#8221; background_color=&#8221;#D3DBC8&#8243; use_background_color_gradient=&#8221;on&#8221; background_color_gradient_direction=&#8221;90deg&#8221; background_color_gradient_stops=&#8221;rgba(255,255,255,0) 0%|rgba(255,255,255,0) 50%|#ffffff 50%|#ffffff 100%&#8221; custom_padding=&#8221;40px||70px||false|false&#8221; custom_padding_tablet=&#8221;40px||0px||false|false&#8221; custom_padding_phone=&#8221;0px||0px||false|false&#8221; background_last_edited=&#8221;on|phone&#8221; use_background_color_gradient_tablet=&#8221;on&#8221; use_background_color_gradient_phone=&#8221;on&#8221; background_color_gradient_stops_tablet=&#8221;rgba(255,255,255,0) 0%|rgba(255,255,255,0) 100%|#ffffff 100%|#ffffff 100%&#8221; background_color_gradient_stops_phone=&#8221;rgba(255,255,255,0) 0%|rgba(255,255,255,0) 100%|#ffffff 100%|#ffffff 100%&#8221; locked=&#8221;off&#8221; global_colors_info=&#8221;{}&#8221;][et_pb_row column_structure=&#8221;1_2,1_2&#8243; use_custom_gutter=&#8221;on&#8221; gutter_width=&#8221;4&#8243; _builder_version=&#8221;4.27.3&#8243; _module_preset=&#8221;default&#8221; width_tablet=&#8221;100%&#8221; width_phone=&#8221;100%&#8221; width_last_edited=&#8221;on|phone&#8221; max_width=&#8221;80%&#8221; max_width_tablet=&#8221;100%&#8221; max_width_phone=&#8221;100%&#8221; max_width_last_edited=&#8221;on|phone&#8221; module_alignment=&#8221;center&#8221; custom_margin=&#8221;0px||0px||false|false&#8221; custom_padding=&#8221;0px||0px||false|false&#8221; global_colors_info=&#8221;{}&#8221;][et_pb_column type=&#8221;1_2&#8243; _builder_version=&#8221;4.27.3&#8243; _module_preset=&#8221;default&#8221; custom_padding=&#8221;0px|0px|0px|0px|false|true&#8221; custom_padding_tablet=&#8221;0px|80px|40px|80px|false|true&#8221; custom_padding_phone=&#8221;30px|40px|40px|40px|false|true&#8221; custom_padding_last_edited=&#8221;on|phone&#8221; global_colors_info=&#8221;{}&#8221;][et_pb_heading title=&#8221;Context&#8221; _builder_version=&#8221;4.27.2&#8243; _module_preset=&#8221;4a326f49-5fe5-4324-9dd1-39f0bc2f82d5&#8243; title_text_color=&#8221;#000000&#8243; global_colors_info=&#8221;{}&#8221;][\/et_pb_heading][et_pb_text _builder_version=&#8221;4.27.3&#8243; _module_preset=&#8221;default&#8221; text_font=&#8221;Poppins|300|||||||&#8221; text_text_color=&#8221;#000000&#8243; header_2_font=&#8221;Poppins|600||on|||||&#8221; header_2_font_size=&#8221;28px&#8221; text_font_size_tablet=&#8221;15px&#8221; text_font_size_phone=&#8221;14px&#8221; text_font_size_last_edited=&#8221;on|phone&#8221; text_line_height_tablet=&#8221;1.5em&#8221; text_line_height_phone=&#8221;1.4em&#8221; text_line_height_last_edited=&#8221;on|phone&#8221; global_colors_info=&#8221;{}&#8221;]<\/p>\n<p>En partenariat avec Magic Pencil, NewElement a \u00e9t\u00e9 charg\u00e9 par la communication externe de Nestl\u00e9 Waters de g\u00e9rer le d\u00e9veloppement et la mise \u00e0 jour de quatre kits d'outils de communication sur la durabilit\u00e9. Ces kits visent \u00e0 instaurer la confiance, inspirer l'engagement et am\u00e9liorer la compr\u00e9hension de la durabilit\u00e9 sur les march\u00e9s EMENA, en particulier parmi les employ\u00e9s et les leaders d'opinion cl\u00e9s (KOLs). Pour r\u00e9pondre aux pr\u00e9occupations du public concernant l'emballage en plastique, les kits fourniront des informations strat\u00e9giques et des documents de r\u00e9f\u00e9rence essentiels pour soutenir des communications efficaces et convaincantes sur les initiatives de durabilit\u00e9 de Nestl\u00e9 Waters.<\/p>\n<p>[\/et_pb_text][\/et_pb_column][et_pb_column type=&#8221;1_2&#8243; _builder_version=&#8221;4.27.3&#8243; _module_preset=&#8221;default&#8221; background_color=&#8221;#FFFFFF&#8221; custom_padding=&#8221;0px|0px|0px|0px|true|true&#8221; custom_padding_tablet=&#8221;50px|80px|50px|80px|true|true&#8221; custom_padding_phone=&#8221;30px|40px|40px|40px|false|true&#8221; custom_padding_last_edited=&#8221;on|phone&#8221; global_colors_info=&#8221;{}&#8221;][et_pb_heading title=&#8221;Solution&#8221; _builder_version=&#8221;4.27.2&#8243; _module_preset=&#8221;4a326f49-5fe5-4324-9dd1-39f0bc2f82d5&#8243; global_colors_info=&#8221;{}&#8221;][\/et_pb_heading][et_pb_text _builder_version=&#8221;4.27.3&#8243; _module_preset=&#8221;default&#8221; text_font=&#8221;Poppins|300|||||||&#8221; header_2_font=&#8221;Poppins|600||on|||||&#8221; header_2_font_size=&#8221;28px&#8221; custom_padding=&#8221;||0px|||&#8221; text_font_size_tablet=&#8221;15px&#8221; text_font_size_phone=&#8221;14px&#8221; text_font_size_last_edited=&#8221;on|phone&#8221; text_line_height_tablet=&#8221;1.5em&#8221; text_line_height_phone=&#8221;1.4em&#8221; text_line_height_last_edited=&#8221;on|phone&#8221; global_colors_info=&#8221;{}&#8221;]<\/p>\n<p>La solution de NewElement consiste \u00e0 cr\u00e9er des kits d'outils sur mesure qui mettent en avant le leadership de Nestl\u00e9 Waters en mati\u00e8re d'emballage durable et de pratiques d'\u00e9conomie circulaire. En se concentrant sur trois axes principaux\u2014le d\u00e9veloppement d'emballages innovants, la cr\u00e9ation de partenariats pour la r\u00e9duction des d\u00e9chets et l'encouragement des comportements de recyclage\u2014les kits fournissent aux marques des histoires puissantes et des \u00e9l\u00e9ments de preuve sur la circularit\u00e9. En mettant en lumi\u00e8re ces r\u00e9alisations, les kits permettent aux parties prenantes de communiquer l'engagement de Nestl\u00e9 Waters envers un avenir sans d\u00e9chets, inspirant ainsi l'engagement et l'action aupr\u00e8s des diff\u00e9rents publics.<\/p>\n<p>[\/et_pb_text][\/et_pb_column][\/et_pb_row][\/et_pb_section][et_pb_section fb_built=&#8221;1&#8243; custom_padding_last_edited=&#8221;on|phone&#8221; _builder_version=&#8221;4.27.4&#8243; _module_preset=&#8221;default&#8221; background_color=&#8221;#92afa0&#8243; custom_padding=&#8221;40px||100px||false|false&#8221; custom_padding_tablet=&#8221;40px||60px||false|false&#8221; custom_padding_phone=&#8221;30px||40px||false|false&#8221; border_color_top=&#8221;#A59283&#8243; locked=&#8221;off&#8221; global_colors_info=&#8221;{}&#8221;][et_pb_row column_structure=&#8221;1_2,1_2&#8243; use_custom_gutter=&#8221;on&#8221; gutter_width=&#8221;4&#8243; _builder_version=&#8221;4.27.2&#8243; _module_preset=&#8221;default&#8221; max_width=&#8221;80%&#8221; custom_padding=&#8221;0px||0px||false|false&#8221; locked=&#8221;off&#8221; global_colors_info=&#8221;{}&#8221;][et_pb_column type=&#8221;1_2&#8243; _builder_version=&#8221;4.27.2&#8243; _module_preset=&#8221;default&#8221; global_colors_info=&#8221;{}&#8221;][et_pb_heading title=&#8221;Impact&#8221; _builder_version=&#8221;4.27.2&#8243; _module_preset=&#8221;4a326f49-5fe5-4324-9dd1-39f0bc2f82d5&#8243; title_text_color=&#8221;#FFFFFF&#8221; global_colors_info=&#8221;{}&#8221;][\/et_pb_heading][\/et_pb_column][et_pb_column type=&#8221;1_2&#8243; _builder_version=&#8221;4.27.2&#8243; _module_preset=&#8221;default&#8221; global_colors_info=&#8221;{}&#8221;][et_pb_text _builder_version=&#8221;4.27.2&#8243; _module_preset=&#8221;5cc4d197-68b2-4b21-8c9f-0fb2196a1d2b&#8221; text_text_color=&#8221;#FFFFFF&#8221; global_colors_info=&#8221;{}&#8221;]<\/p>\n<p>Les kits d'outils de communication sur la durabilit\u00e9 d\u00e9velopp\u00e9s par NewElement sont con\u00e7us pour g\u00e9n\u00e9rer un impact multifacette au sein des op\u00e9rations de Nestl\u00e9 Waters et de son engagement public :<\/p>\n<p>[\/et_pb_text][\/et_pb_column][\/et_pb_row][et_pb_row column_structure=&#8221;1_4,1_4,1_4,1_4&#8243; use_custom_gutter=&#8221;on&#8221; gutter_width=&#8221;3&#8243; _builder_version=&#8221;4.27.2&#8243; _module_preset=&#8221;default&#8221; max_width=&#8221;80%&#8221; custom_padding=&#8221;0px||0px||false|false&#8221; global_colors_info=&#8221;{}&#8221;][et_pb_column type=&#8221;1_4&#8243; _builder_version=&#8221;4.25.0&#8243; _module_preset=&#8221;default&#8221; global_colors_info=&#8221;{}&#8221;][et_pb_heading title=&#8221;1&#8243; _builder_version=&#8221;4.27.2&#8243; _module_preset=&#8221;38780d28-962e-4809-ba09-e04cf7a79650&#8243; title_text_color=&#8221;#FFFFFF&#8221; global_colors_info=&#8221;{}&#8221;][\/et_pb_heading][et_pb_heading title=&#8221;Enhanced Stakeholder Trust&#8221; _builder_version=&#8221;4.27.2&#8243; _module_preset=&#8221;03372257-e707-4f48-a5d5-90c72e429ee5&#8243; title_text_color=&#8221;#FFFFFF&#8221; locked=&#8221;off&#8221; global_colors_info=&#8221;{}&#8221;][\/et_pb_heading][et_pb_text _builder_version=&#8221;4.27.2&#8243; _module_preset=&#8221;ed4ed6fb-5494-4fdd-96e4-98916c413f34&#8243; text_text_color=&#8221;#FFFFFF&#8221; global_colors_info=&#8221;{}&#8221;]<\/p>\n<p>En fournissant des \u00e9l\u00e9ments de preuve transparents et bas\u00e9s sur des donn\u00e9es, les kits d'outils renforcent la confiance parmi les employ\u00e9s, les leaders d'opinion cl\u00e9s (KOLs) et les parties prenantes externes, consolidant ainsi la r\u00e9putation de Nestl\u00e9 Waters en tant que leader en durabilit\u00e9.<\/p>\n<p>[\/et_pb_text][\/et_pb_column][et_pb_column type=&#8221;1_4&#8243; _builder_version=&#8221;4.25.0&#8243; _module_preset=&#8221;default&#8221; global_colors_info=&#8221;{}&#8221;][et_pb_heading title=&#8221;2&#8243; _builder_version=&#8221;4.27.2&#8243; _module_preset=&#8221;38780d28-962e-4809-ba09-e04cf7a79650&#8243; title_text_color=&#8221;#FFFFFF&#8221; global_colors_info=&#8221;{}&#8221;][\/et_pb_heading][et_pb_heading title=&#8221;Increased Consumer Engagement&#8221; _builder_version=&#8221;4.27.2&#8243; _module_preset=&#8221;03372257-e707-4f48-a5d5-90c72e429ee5&#8243; title_text_color=&#8221;#FFFFFF&#8221; locked=&#8221;off&#8221; global_colors_info=&#8221;{}&#8221;][\/et_pb_heading][et_pb_text _builder_version=&#8221;4.27.2&#8243; _module_preset=&#8221;ed4ed6fb-5494-4fdd-96e4-98916c413f34&#8243; text_text_color=&#8221;#FFFFFF&#8221; header_text_color=&#8221;#EDDED3&#8243; global_colors_info=&#8221;{}&#8221;]<\/p>\n<p>Des histoires convaincantes sur la circularit\u00e9, allant de l'innovation en mati\u00e8re d'emballage aux partenariats pour la r\u00e9duction des d\u00e9chets, aident \u00e0 engager les consommateurs et \u00e0 r\u00e9duire les obstacles \u00e0 l'achat en s'alignant sur leurs attentes en mati\u00e8re de durabilit\u00e9.<\/p>\n<p>[\/et_pb_text][\/et_pb_column][et_pb_column type=&#8221;1_4&#8243; _builder_version=&#8221;4.25.0&#8243; _module_preset=&#8221;default&#8221; global_colors_info=&#8221;{}&#8221;][et_pb_heading title=&#8221;3&#8243; _builder_version=&#8221;4.27.2&#8243; _module_preset=&#8221;38780d28-962e-4809-ba09-e04cf7a79650&#8243; title_text_color=&#8221;#FFFFFF&#8221; global_colors_info=&#8221;{}&#8221;][\/et_pb_heading][et_pb_heading title=&#8221;Support for Circular Economy Goals&#8221; _builder_version=&#8221;4.27.2&#8243; _module_preset=&#8221;03372257-e707-4f48-a5d5-90c72e429ee5&#8243; title_text_color=&#8221;#FFFFFF&#8221; locked=&#8221;off&#8221; global_colors_info=&#8221;{}&#8221;][\/et_pb_heading][et_pb_text _builder_version=&#8221;4.27.2&#8243; _module_preset=&#8221;ed4ed6fb-5494-4fdd-96e4-98916c413f34&#8243; text_text_color=&#8221;#FFFFFF&#8221; global_colors_info=&#8221;{}&#8221;]<\/p>\n<p>Les kits d'outils mettent en avant les r\u00e9alisations et les initiatives de Nestl\u00e9 Waters dans chaque domaine d'accent de la d\u00e9marche d'emballage durable de Nestl\u00e9, positionnant ainsi la cat\u00e9gorie de l'eau comme un mod\u00e8le d'\u00e9conomie circulaire.<\/p>\n<p>[\/et_pb_text][\/et_pb_column][et_pb_column type=&#8221;1_4&#8243; _builder_version=&#8221;4.25.0&#8243; _module_preset=&#8221;default&#8221; global_colors_info=&#8221;{}&#8221;][et_pb_heading title=&#8221;4&#8243; _builder_version=&#8221;4.27.2&#8243; _module_preset=&#8221;38780d28-962e-4809-ba09-e04cf7a79650&#8243; title_text_color=&#8221;#FFFFFF&#8221; global_colors_info=&#8221;{}&#8221;][\/et_pb_heading][et_pb_heading title=&#8221;Inspiration for Behavioral Change&#8221; _builder_version=&#8221;4.27.2&#8243; _module_preset=&#8221;03372257-e707-4f48-a5d5-90c72e429ee5&#8243; title_text_color=&#8221;#FFFFFF&#8221; locked=&#8221;off&#8221; global_colors_info=&#8221;{}&#8221;][\/et_pb_heading][et_pb_text _builder_version=&#8221;4.27.2&#8243; _module_preset=&#8221;ed4ed6fb-5494-4fdd-96e4-98916c413f34&#8243; text_text_color=&#8221;#FFFFFF&#8221; global_colors_info=&#8221;{}&#8221;]<\/p>\n<p>En promouvant le recyclage et les pratiques \u00e9cologiques, les kits d'outils visent \u00e0 encourager un changement de comportement positif tant chez les employ\u00e9s que chez les consommateurs, contribuant ainsi \u00e0 l'objectif de Nestl\u00e9 Waters d'un avenir sans d\u00e9chets.<\/p>\n<p>[\/et_pb_text][\/et_pb_column][\/et_pb_row][\/et_pb_section][et_pb_section fb_built=&#8221;1&#8243; _builder_version=&#8221;4.27.3&#8243; _module_preset=&#8221;default&#8221; background_color=&#8221;#F8F7F7&#8243; use_background_color_gradient=&#8221;on&#8221; background_color_gradient_direction=&#8221;90deg&#8221; background_color_gradient_stops=&#8221;#d3dbc8 0%|#d3dbc8 0%|rgba(211,219,200,0.2) 0%&#8221; custom_margin=&#8221;0px||0px||false|false&#8221; custom_padding=&#8221;0px||0px||false|false&#8221; global_colors_info=&#8221;{}&#8221;][et_pb_row column_structure=&#8221;1_6,1_6,1_6,1_6,1_6,1_6&#8243; use_custom_gutter=&#8221;on&#8221; gutter_width=&#8221;4&#8243; _builder_version=&#8221;4.27.2&#8243; _module_preset=&#8221;default&#8221; width=&#8221;90%&#8221; max_width=&#8221;90%&#8221; custom_padding=&#8221;25px||25px||true|false&#8221; global_colors_info=&#8221;{}&#8221;][et_pb_column type=&#8221;1_6&#8243; _builder_version=&#8221;4.25.1&#8243; _module_preset=&#8221;default&#8221; global_colors_info=&#8221;{}&#8221;][et_pb_heading title=&#8221;Discover the uniqueness of each of our other projects ! &#8221; _builder_version=&#8221;4.27.2&#8243; _module_preset=&#8221;default&#8221; title_font=&#8221;Poppins|500||on|||||&#8221; title_text_align=&#8221;left&#8221; title_text_color=&#8221;#706159&#8243; title_font_size=&#8221;14px&#8221; title_letter_spacing=&#8221;1px&#8221; title_line_height=&#8221;1.2em&#8221; global_colors_info=&#8221;{}&#8221;][\/et_pb_heading][\/et_pb_column][et_pb_column type=&#8221;1_6&#8243; _builder_version=&#8221;4.25.1&#8243; _module_preset=&#8221;default&#8221; global_colors_info=&#8221;{}&#8221;][et_pb_image src=&#8221;https:\/\/newelement.ch\/wp-content\/uploads\/2025\/08\/LOGO_SOCFIN-2.png&#8221; alt=&#8221;Logo of Socfin \u2013 Client of NewElement&#8221; title_text=&#8221;Logo Socfin&#8221; url=&#8221;https:\/\/newelement.ch\/projects\/palm-oil\/&#8221; _builder_version=&#8221;4.27.4&#8243; _module_preset=&#8221;d0db917d-1632-4623-bb18-aa87e2fddc5f&#8221; locked=&#8221;off&#8221; global_colors_info=&#8221;{}&#8221;][\/et_pb_image][\/et_pb_column][et_pb_column type=&#8221;1_6&#8243; _builder_version=&#8221;4.25.1&#8243; _module_preset=&#8221;default&#8221; global_colors_info=&#8221;{}&#8221;][et_pb_image src=&#8221;https:\/\/newelement.ch\/wp-content\/uploads\/2025\/07\/LOGO_SSE.png&#8221; alt=&#8221;Logo of SSE Group \u2013 Client of NewElement&#8221; title_text=&#8221;SSE Group logo&#8221; url=&#8221;https:\/\/newelement.ch\/projects\/civil-explosive\/&#8221; _builder_version=&#8221;4.27.4&#8243; _module_preset=&#8221;d0db917d-1632-4623-bb18-aa87e2fddc5f&#8221; locked=&#8221;off&#8221; global_colors_info=&#8221;{}&#8221;][\/et_pb_image][\/et_pb_column][et_pb_column type=&#8221;1_6&#8243; _builder_version=&#8221;4.25.1&#8243; _module_preset=&#8221;default&#8221; global_colors_info=&#8221;{}&#8221;][et_pb_image src=&#8221;https:\/\/newelement.ch\/wp-content\/uploads\/2025\/07\/LOGO_SWISS-MEDICAL-NETWORK.png&#8221; alt=&#8221;Logo of Swiss Medical Network \u2013 Client of NewElement&#8221; title_text=&#8221;Swiss Medical Network logo&#8221; url=&#8221;https:\/\/newelement.ch\/projects\/healthcare\/&#8221; _builder_version=&#8221;4.27.4&#8243; _module_preset=&#8221;d0db917d-1632-4623-bb18-aa87e2fddc5f&#8221; locked=&#8221;off&#8221; global_colors_info=&#8221;{}&#8221;][\/et_pb_image][\/et_pb_column][et_pb_column type=&#8221;1_6&#8243; _builder_version=&#8221;4.25.1&#8243; _module_preset=&#8221;default&#8221; global_colors_info=&#8221;{}&#8221;][et_pb_image src=&#8221;https:\/\/newelement.ch\/wp-content\/uploads\/2024\/05\/LOGO_ETAT-DE-FRIBOURG-copie.png&#8221; alt=&#8221;Logo of the State of Fribourg \u2013 Client of NewElement&#8221; title_text=&#8221;State of Fribourg logo&#8221; url=&#8221;https:\/\/newelement.ch\/projects\/government\/&#8221; _builder_version=&#8221;4.27.4&#8243; _module_preset=&#8221;d0db917d-1632-4623-bb18-aa87e2fddc5f&#8221; locked=&#8221;off&#8221; global_colors_info=&#8221;{}&#8221;][\/et_pb_image][\/et_pb_column][et_pb_column type=&#8221;1_6&#8243; _builder_version=&#8221;4.25.1&#8243; _module_preset=&#8221;default&#8221; global_colors_info=&#8221;{}&#8221;][et_pb_image src=&#8221;https:\/\/newelement.ch\/wp-content\/uploads\/2025\/07\/LOGO_FHH.png&#8221; alt=&#8221;Logo of the Fondation de la Haute Horlogerie \u2013 Client of NewElement&#8221; title_text=&#8221;FHH logo&#8221; url=&#8221;https:\/\/newelement.ch\/projects\/watchmaking&#8221; _builder_version=&#8221;4.27.4&#8243; _module_preset=&#8221;d0db917d-1632-4623-bb18-aa87e2fddc5f&#8221; global_colors_info=&#8221;{}&#8221;][\/et_pb_image][\/et_pb_column][\/et_pb_row][\/et_pb_section]<\/p>\n<span class=\"et_bloom_bottom_trigger\"><\/span>","protected":false},"excerpt":{"rendered":"<p>In partnership with Magic Pencil, NewElement was tasked by Nestl\u00e9 Waters&#8217; External Corporate Communications to manage the development and update of four sustainability communication toolkits. These toolkits aim to build trust, inspire engagement, and improve understanding of sustainability within EMENA markets, particularly among employees and key opinion leaders (KOLs). Addressing public concerns over plastic packaging, [&hellip;]<\/p>","protected":false},"author":1,"featured_media":0,"parent":2124,"menu_order":0,"comment_status":"closed","ping_status":"closed","template":"","meta":{"_et_pb_use_builder":"on","_et_pb_old_content":"","_et_gb_content_width":"","footnotes":""},"class_list":["post-3852","page","type-page","status-publish","hentry"],"_links":{"self":[{"href":"https:\/\/newelement.ch\/fr\/wp-json\/wp\/v2\/pages\/3852","targetHints":{"allow":["GET"]}}],"collection":[{"href":"https:\/\/newelement.ch\/fr\/wp-json\/wp\/v2\/pages"}],"about":[{"href":"https:\/\/newelement.ch\/fr\/wp-json\/wp\/v2\/types\/page"}],"author":[{"embeddable":true,"href":"https:\/\/newelement.ch\/fr\/wp-json\/wp\/v2\/users\/1"}],"replies":[{"embeddable":true,"href":"https:\/\/newelement.ch\/fr\/wp-json\/wp\/v2\/comments?post=3852"}],"version-history":[{"count":25,"href":"https:\/\/newelement.ch\/fr\/wp-json\/wp\/v2\/pages\/3852\/revisions"}],"predecessor-version":[{"id":5684,"href":"https:\/\/newelement.ch\/fr\/wp-json\/wp\/v2\/pages\/3852\/revisions\/5684"}],"up":[{"embeddable":true,"href":"https:\/\/newelement.ch\/fr\/wp-json\/wp\/v2\/pages\/2124"}],"wp:attachment":[{"href":"https:\/\/newelement.ch\/fr\/wp-json\/wp\/v2\/media?parent=3852"}],"curies":[{"name":"wp","href":"https:\/\/api.w.org\/{rel}","templated":true}]}}