{"id":3666,"date":"2024-10-15T18:35:31","date_gmt":"2024-10-15T16:35:31","guid":{"rendered":"https:\/\/newelement.ch\/?page_id=3666"},"modified":"2025-12-04T09:57:07","modified_gmt":"2025-12-04T08:57:07","slug":"coffee-1","status":"publish","type":"page","link":"https:\/\/newelement.ch\/fr\/projects\/coffee-1\/","title":{"rendered":"Caf\u00e9 1"},"content":{"rendered":"<p>[et_pb_section fb_built=&#8221;1&#8243; custom_padding_last_edited=&#8221;on|phone&#8221; _builder_version=&#8221;4.27.4&#8243; _module_preset=&#8221;default&#8221; background_enable_color=&#8221;off&#8221; use_background_color_gradient=&#8221;on&#8221; background_color_gradient_direction=&#8221;90deg&#8221; background_color_gradient_stops=&#8221;rgba(146,175,160,0.6) 0%|rgba(146,175,160,0.6) 50%|rgba(146,175,160,0.2) 50%|rgba(146, 175, 160, 0.2) 100%&#8221; background_color_gradient_overlays_image=&#8221;on&#8221; background_image=&#8221;https:\/\/newelement.ch\/wp-content\/uploads\/2024\/10\/AdobeStock_875626393-1-scaled-e1730392480798.jpeg&#8221; parallax=&#8221;on&#8221; custom_padding=&#8221;100px||130px||false|false&#8221; custom_padding_tablet=&#8221;70px||70px||false|false&#8221; custom_padding_phone=&#8221;40px||40px||false|false&#8221; background_last_edited=&#8221;on|phone&#8221; use_background_color_gradient_tablet=&#8221;on&#8221; use_background_color_gradient_phone=&#8221;on&#8221; background_color_gradient_stops_tablet=&#8221;rgba(146,175,160,0.6) 0%|rgba(146,175,160,0.6) 100%|rgba(146,175,160,0.2) 100%|rgba(146, 175, 160, 0.2) 100%&#8221; background_color_gradient_stops_phone=&#8221;rgba(146,175,160,0.6) 0%|rgba(146,175,160,0.6) 100%|rgba(146,175,160,0.2) 100%|rgba(146, 175, 160, 0.2) 100%&#8221; locked=&#8221;off&#8221; global_colors_info=&#8221;{}&#8221; background__hover_enabled=&#8221;off|desktop&#8221;][et_pb_row column_structure=&#8221;1_2,1_2&#8243; use_custom_gutter=&#8221;on&#8221; gutter_width=&#8221;3&#8243; _builder_version=&#8221;4.27.4&#8243; _module_preset=&#8221;default&#8221; max_width=&#8221;80%&#8221; custom_padding=&#8221;0px||0px||false|false&#8221; global_colors_info=&#8221;{}&#8221;][et_pb_column type=&#8221;1_2&#8243; _builder_version=&#8221;4.25.1&#8243; _module_preset=&#8221;default&#8221; global_colors_info=&#8221;{}&#8221;][et_pb_heading title=&#8221;B2B SALES FORCE CUSTOMER-FACING COACHING IN SUSTAINABILITY,&#8221; _builder_version=&#8221;4.27.4&#8243; _module_preset=&#8221;6df5d9fc-a596-4ffd-bc06-2c10ba21b991&#8243; title_text_color=&#8221;#FFFFFF&#8221; custom_padding=&#8221;0px||0px||false|false&#8221; title_font_size_tablet=&#8221;&#8221; title_font_size_phone=&#8221;22px&#8221; title_font_size_last_edited=&#8221;on|phone&#8221; global_colors_info=&#8221;{}&#8221;][\/et_pb_heading][et_pb_heading title=&#8221;Nespresso.&#8221; _builder_version=&#8221;4.27.2&#8243; _module_preset=&#8221;default&#8221; title_font=&#8221;Poppins|500||on|||||&#8221; title_text_color=&#8221;#FFFFFF&#8221; title_font_size_tablet=&#8221;30px&#8221; title_font_size_phone=&#8221;22px&#8221; title_font_size_last_edited=&#8221;on|tablet&#8221; global_colors_info=&#8221;{}&#8221;][\/et_pb_heading][\/et_pb_column][et_pb_column type=&#8221;1_2&#8243; _builder_version=&#8221;4.25.1&#8243; _module_preset=&#8221;default&#8221; global_colors_info=&#8221;{}&#8221;][\/et_pb_column][\/et_pb_row][\/et_pb_section][et_pb_section fb_built=&#8221;1&#8243; custom_padding_last_edited=&#8221;on|phone&#8221; _builder_version=&#8221;4.27.3&#8243; _module_preset=&#8221;default&#8221; background_color=&#8221;#D3DBC8&#8243; use_background_color_gradient=&#8221;on&#8221; background_color_gradient_direction=&#8221;90deg&#8221; background_color_gradient_stops=&#8221;rgba(255,255,255,0) 0%|rgba(255,255,255,0) 50%|#ffffff 50%|#ffffff 100%&#8221; custom_padding=&#8221;40px||70px||false|false&#8221; custom_padding_tablet=&#8221;40px||0px||false|false&#8221; custom_padding_phone=&#8221;0px||0px||false|false&#8221; background_last_edited=&#8221;on|phone&#8221; use_background_color_gradient_tablet=&#8221;on&#8221; use_background_color_gradient_phone=&#8221;on&#8221; background_color_gradient_stops_tablet=&#8221;rgba(255,255,255,0) 0%|rgba(255,255,255,0) 100%|#ffffff 100%|#ffffff 100%&#8221; background_color_gradient_stops_phone=&#8221;rgba(255,255,255,0) 0%|rgba(255,255,255,0) 100%|#ffffff 100%|#ffffff 100%&#8221; locked=&#8221;off&#8221; global_colors_info=&#8221;{}&#8221;][et_pb_row column_structure=&#8221;1_2,1_2&#8243; use_custom_gutter=&#8221;on&#8221; gutter_width=&#8221;4&#8243; _builder_version=&#8221;4.27.3&#8243; _module_preset=&#8221;default&#8221; width_tablet=&#8221;100%&#8221; width_phone=&#8221;100%&#8221; width_last_edited=&#8221;on|phone&#8221; max_width=&#8221;80%&#8221; max_width_tablet=&#8221;100%&#8221; max_width_phone=&#8221;100%&#8221; max_width_last_edited=&#8221;on|phone&#8221; module_alignment=&#8221;center&#8221; custom_margin=&#8221;0px||0px||false|false&#8221; custom_padding=&#8221;0px||0px||false|false&#8221; global_colors_info=&#8221;{}&#8221;][et_pb_column type=&#8221;1_2&#8243; _builder_version=&#8221;4.27.3&#8243; _module_preset=&#8221;default&#8221; custom_padding_tablet=&#8221;0px|80px|40px|80px|false|true&#8221; custom_padding_phone=&#8221;30px|40px|40px|40px|false|false&#8221; custom_padding_last_edited=&#8221;on|phone&#8221; global_colors_info=&#8221;{}&#8221;][et_pb_heading title=&#8221;Context&#8221; _builder_version=&#8221;4.27.2&#8243; _module_preset=&#8221;4a326f49-5fe5-4324-9dd1-39f0bc2f82d5&#8243; global_colors_info=&#8221;{}&#8221;][\/et_pb_heading][et_pb_text _builder_version=&#8221;4.27.3&#8243; _module_preset=&#8221;default&#8221; text_font=&#8221;Poppins|300|||||||&#8221; header_2_font=&#8221;Poppins|600||on|||||&#8221; header_2_font_size=&#8221;28px&#8221; text_font_size_tablet=&#8221;15px&#8221; text_font_size_phone=&#8221;14px&#8221; text_font_size_last_edited=&#8221;on|phone&#8221; text_line_height_tablet=&#8221;1.5em&#8221; text_line_height_phone=&#8221;1.4em&#8221; text_line_height_last_edited=&#8221;on|phone&#8221; global_colors_info=&#8221;{}&#8221;]<\/p>\n<p>Avec la demande croissante de produits durables, les entreprises doivent renforcer leur proposition de valeur en int\u00e9grant la durabilit\u00e9 dans leurs propositions commerciales et leur discours de vente. Le d\u00e9fi consiste \u00e0 s'assurer que la force de vente dispose des connaissances et des outils n\u00e9cessaires pour aborder en toute confiance les sujets de durabilit\u00e9 dans les relations avec les clients, tout en s'alignant sur les objectifs de durabilit\u00e9 de ces derniers.<\/p>\n<p>[\/et_pb_text][\/et_pb_column][et_pb_column type=&#8221;1_2&#8243; _builder_version=&#8221;4.27.3&#8243; _module_preset=&#8221;default&#8221; custom_padding_tablet=&#8221;40px|80px|50px|80px|false|true&#8221; custom_padding_phone=&#8221;30px|40px|40px|40px|false|false&#8221; custom_padding_last_edited=&#8221;on|phone&#8221; background_color_tablet=&#8221;#FFFFFF&#8221; background_color_phone=&#8221;#FFFFFF&#8221; background_last_edited=&#8221;on|phone&#8221; background_enable_color_tablet=&#8221;on&#8221; background_enable_color_phone=&#8221;on&#8221; global_colors_info=&#8221;{}&#8221;][et_pb_heading title=&#8221;Solution&#8221; _builder_version=&#8221;4.27.2&#8243; _module_preset=&#8221;4a326f49-5fe5-4324-9dd1-39f0bc2f82d5&#8243; global_colors_info=&#8221;{}&#8221;][\/et_pb_heading][et_pb_text _builder_version=&#8221;4.27.4&#8243; _module_preset=&#8221;default&#8221; text_font=&#8221;Poppins|300|||||||&#8221; header_2_font=&#8221;Poppins|600||on|||||&#8221; header_2_font_size=&#8221;28px&#8221; custom_padding=&#8221;0px||0px||false|false&#8221; text_font_size_tablet=&#8221;15px&#8221; text_font_size_phone=&#8221;14px&#8221; text_font_size_last_edited=&#8221;on|phone&#8221; text_line_height_tablet=&#8221;1.5em&#8221; text_line_height_phone=&#8221;1.4em&#8221; text_line_height_last_edited=&#8221;on|phone&#8221; global_colors_info=&#8221;{}&#8221;]<\/p>\n<p>NewElement s'est associ\u00e9 au d\u00e9partement B2B de Nespresso pour am\u00e9liorer leur proposition de valeur en mati\u00e8re de durabilit\u00e9 en mentorant et en formant les \u00e9quipes de vente \u00e0 int\u00e9grer efficacement la durabilit\u00e9 dans leurs strat\u00e9gies d'interaction avec les clients.<\/p>\n<p>[\/et_pb_text][\/et_pb_column][\/et_pb_row][\/et_pb_section][et_pb_section fb_built=&#8221;1&#8243; custom_padding_last_edited=&#8221;on|phone&#8221; _builder_version=&#8221;4.27.4&#8243; _module_preset=&#8221;default&#8221; background_color=&#8221;#92afa0&#8243; custom_padding=&#8221;40px||100px||false|false&#8221; custom_padding_tablet=&#8221;40px||60px||false|false&#8221; custom_padding_phone=&#8221;30px||40px||false|false&#8221; border_color_top=&#8221;#A59283&#8243; locked=&#8221;off&#8221; global_colors_info=&#8221;{}&#8221;][et_pb_row column_structure=&#8221;1_2,1_2&#8243; use_custom_gutter=&#8221;on&#8221; gutter_width=&#8221;4&#8243; _builder_version=&#8221;4.27.2&#8243; _module_preset=&#8221;default&#8221; max_width=&#8221;80%&#8221; custom_padding=&#8221;0px||0px||false|false&#8221; global_colors_info=&#8221;{}&#8221;][et_pb_column type=&#8221;1_2&#8243; _builder_version=&#8221;4.27.2&#8243; _module_preset=&#8221;default&#8221; global_colors_info=&#8221;{}&#8221;][et_pb_heading title=&#8221;Impact&#8221; _builder_version=&#8221;4.27.2&#8243; _module_preset=&#8221;4a326f49-5fe5-4324-9dd1-39f0bc2f82d5&#8243; title_text_color=&#8221;#F8F7F7&#8243; global_colors_info=&#8221;{}&#8221;][\/et_pb_heading][\/et_pb_column][et_pb_column type=&#8221;1_2&#8243; _builder_version=&#8221;4.27.2&#8243; _module_preset=&#8221;default&#8221; global_colors_info=&#8221;{}&#8221;][et_pb_text _builder_version=&#8221;4.27.2&#8243; _module_preset=&#8221;5cc4d197-68b2-4b21-8c9f-0fb2196a1d2b&#8221; text_text_color=&#8221;#F8F7F7&#8243; global_colors_info=&#8221;{}&#8221;]<\/p>\n<p>La formation et le coaching ax\u00e9s sur la durabilit\u00e9 propos\u00e9s par NewElement ont donn\u00e9 des r\u00e9sultats significatifs pour le d\u00e9partement B2B de Nespresso :<\/p>\n<p>[\/et_pb_text][\/et_pb_column][\/et_pb_row][et_pb_row column_structure=&#8221;1_4,1_4,1_4,1_4&#8243; use_custom_gutter=&#8221;on&#8221; gutter_width=&#8221;3&#8243; _builder_version=&#8221;4.27.2&#8243; _module_preset=&#8221;default&#8221; max_width=&#8221;80%&#8221; custom_padding=&#8221;0px||0px||false|false&#8221; global_colors_info=&#8221;{}&#8221;][et_pb_column type=&#8221;1_4&#8243; _builder_version=&#8221;4.25.0&#8243; _module_preset=&#8221;default&#8221; global_colors_info=&#8221;{}&#8221;][et_pb_heading title=&#8221;1&#8243; _builder_version=&#8221;4.27.2&#8243; _module_preset=&#8221;38780d28-962e-4809-ba09-e04cf7a79650&#8243; title_text_color=&#8221;#F8F7F7&#8243; global_colors_info=&#8221;{}&#8221;][\/et_pb_heading][et_pb_heading title=&#8221;Empowered Sales Teams&#8221; _builder_version=&#8221;4.27.2&#8243; _module_preset=&#8221;03372257-e707-4f48-a5d5-90c72e429ee5&#8243; global_colors_info=&#8221;{}&#8221;][\/et_pb_heading][et_pb_text _builder_version=&#8221;4.27.2&#8243; _module_preset=&#8221;ed4ed6fb-5494-4fdd-96e4-98916c413f34&#8243; text_text_color=&#8221;#F8F7F7&#8243; global_colors_info=&#8221;{}&#8221;]<\/p>\n<p>Les \u00e9quipes de vente ont \u00e9t\u00e9 form\u00e9es pour aborder en toute confiance les discussions sur la durabilit\u00e9 avec les clients.<\/p>\n<p>[\/et_pb_text][\/et_pb_column][et_pb_column type=&#8221;1_4&#8243; _builder_version=&#8221;4.25.0&#8243; _module_preset=&#8221;default&#8221; global_colors_info=&#8221;{}&#8221;][et_pb_heading title=&#8221;2&#8243; _builder_version=&#8221;4.27.2&#8243; _module_preset=&#8221;38780d28-962e-4809-ba09-e04cf7a79650&#8243; title_text_color=&#8221;#F8F7F7&#8243; global_colors_info=&#8221;{}&#8221;][\/et_pb_heading][et_pb_heading title=&#8221;Strengthened Reputation&#8221; _builder_version=&#8221;4.27.2&#8243; _module_preset=&#8221;03372257-e707-4f48-a5d5-90c72e429ee5&#8243; global_colors_info=&#8221;{}&#8221;][\/et_pb_heading][et_pb_text _builder_version=&#8221;4.27.2&#8243; _module_preset=&#8221;ed4ed6fb-5494-4fdd-96e4-98916c413f34&#8243; text_text_color=&#8221;#F8F7F7&#8243; global_colors_info=&#8221;{}&#8221;]<\/p>\n<p>La position de Nespresso en tant que leader en durabilit\u00e9 a \u00e9t\u00e9 encore renforc\u00e9e.<\/p>\n<p>[\/et_pb_text][\/et_pb_column][et_pb_column type=&#8221;1_4&#8243; _builder_version=&#8221;4.25.0&#8243; _module_preset=&#8221;default&#8221; global_colors_info=&#8221;{}&#8221;][et_pb_heading title=&#8221;3&#8243; _builder_version=&#8221;4.27.2&#8243; _module_preset=&#8221;38780d28-962e-4809-ba09-e04cf7a79650&#8243; title_text_color=&#8221;#F8F7F7&#8243; global_colors_info=&#8221;{}&#8221;][\/et_pb_heading][et_pb_heading title=&#8221;New Business Opportunities&#8221; _builder_version=&#8221;4.27.2&#8243; _module_preset=&#8221;03372257-e707-4f48-a5d5-90c72e429ee5&#8243; global_colors_info=&#8221;{}&#8221;][\/et_pb_heading][et_pb_text _builder_version=&#8221;4.27.2&#8243; _module_preset=&#8221;ed4ed6fb-5494-4fdd-96e4-98916c413f34&#8243; text_text_color=&#8221;#F8F7F7&#8243; global_colors_info=&#8221;{}&#8221;]<\/p>\n<p>Align\u00e9 avec la demande croissante de solutions durables, ouvrant la voie \u00e0 de nouvelles opportunit\u00e9s d'affaires.<\/p>\n<p>[\/et_pb_text][\/et_pb_column][et_pb_column type=&#8221;1_4&#8243; _builder_version=&#8221;4.25.0&#8243; _module_preset=&#8221;default&#8221; global_colors_info=&#8221;{}&#8221;][et_pb_heading title=&#8221;4&#8243; _builder_version=&#8221;4.27.2&#8243; _module_preset=&#8221;38780d28-962e-4809-ba09-e04cf7a79650&#8243; title_text_color=&#8221;#F8F7F7&#8243; global_colors_info=&#8221;{}&#8221;][\/et_pb_heading][et_pb_heading title=&#8221;Core Value Integration&#8221; _builder_version=&#8221;4.27.2&#8243; _module_preset=&#8221;03372257-e707-4f48-a5d5-90c72e429ee5&#8243; global_colors_info=&#8221;{}&#8221;][\/et_pb_heading][et_pb_text _builder_version=&#8221;4.27.2&#8243; _module_preset=&#8221;ed4ed6fb-5494-4fdd-96e4-98916c413f34&#8243; text_text_color=&#8221;#F8F7F7&#8243; global_colors_info=&#8221;{}&#8221;]<\/p>\n<p>Int\u00e9gration de la durabilit\u00e9 comme \u00e9l\u00e9ment central de la proposition de valeur B2B, favorisant des relations clients plus solides.<\/p>\n<p>[\/et_pb_text][\/et_pb_column][\/et_pb_row][\/et_pb_section][et_pb_section fb_built=&#8221;1&#8243; _builder_version=&#8221;4.27.3&#8243; _module_preset=&#8221;default&#8221; background_color=&#8221;#D3DBC8&#8243; use_background_color_gradient=&#8221;on&#8221; background_color_gradient_direction=&#8221;90deg&#8221; background_color_gradient_stops=&#8221;#f8f7f7 0%|#f8f7f7 16%|rgba(255,255,255,0) 16%&#8221; custom_margin=&#8221;0px||0px||false|false&#8221; custom_padding=&#8221;0px||0px||false|false&#8221; background_last_edited=&#8221;on|phone&#8221; use_background_color_gradient_tablet=&#8221;on&#8221; use_background_color_gradient_phone=&#8221;on&#8221; background_color_gradient_stops_tablet=&#8221;#f8f7f7 0%|#f8f7f7 0%|rgba(255,255,255,0) 0%&#8221; background_color_gradient_stops_phone=&#8221;#d3dbc8 0%|#d3dbc8 0%|rgba(211,219,200,0.2) 0%&#8221; global_colors_info=&#8221;{}&#8221;][et_pb_row column_structure=&#8221;1_6,1_6,1_6,1_6,1_6,1_6&#8243; use_custom_gutter=&#8221;on&#8221; gutter_width=&#8221;4&#8243; _builder_version=&#8221;4.27.3&#8243; _module_preset=&#8221;default&#8221; width=&#8221;90%&#8221; width_tablet=&#8221;80%&#8221; width_phone=&#8221;80%&#8221; width_last_edited=&#8221;on|phone&#8221; max_width=&#8221;90%&#8221; max_width_tablet=&#8221;80%&#8221; max_width_phone=&#8221;80%&#8221; max_width_last_edited=&#8221;on|phone&#8221; custom_padding=&#8221;25px||25px||true|false&#8221; global_colors_info=&#8221;{}&#8221;][et_pb_column type=&#8221;1_6&#8243; _builder_version=&#8221;4.25.1&#8243; _module_preset=&#8221;default&#8221; global_colors_info=&#8221;{}&#8221;][et_pb_heading title=&#8221;Discover the uniqueness of each of our other projects ! &#8221; _builder_version=&#8221;4.27.2&#8243; _module_preset=&#8221;default&#8221; title_font=&#8221;Poppins|500||on|||||&#8221; title_text_align=&#8221;left&#8221; title_text_color=&#8221;#706159&#8243; title_font_size=&#8221;14px&#8221; title_letter_spacing=&#8221;1px&#8221; title_line_height=&#8221;1.2em&#8221; global_colors_info=&#8221;{}&#8221;][\/et_pb_heading][\/et_pb_column][et_pb_column type=&#8221;1_6&#8243; _builder_version=&#8221;4.25.1&#8243; _module_preset=&#8221;default&#8221; global_colors_info=&#8221;{}&#8221;][et_pb_image src=&#8221;https:\/\/newelement.ch\/wp-content\/uploads\/2024\/05\/LOGO_NESPRESSO-copie.png&#8221; alt=&#8221;Logo of Nespresso \u2013 Client of NewElement&#8221; title_text=&#8221;Nespresso logo&#8221; url=&#8221;https:\/\/newelement.ch\/projects\/coffee-2\/&#8221; _builder_version=&#8221;4.27.4&#8243; _module_preset=&#8221;d0db917d-1632-4623-bb18-aa87e2fddc5f&#8221; global_colors_info=&#8221;{}&#8221;][\/et_pb_image][\/et_pb_column][et_pb_column type=&#8221;1_6&#8243; _builder_version=&#8221;4.25.1&#8243; _module_preset=&#8221;default&#8221; global_colors_info=&#8221;{}&#8221;][et_pb_image src=&#8221;https:\/\/newelement.ch\/wp-content\/uploads\/2024\/11\/LOGO_REITZEL-2.png&#8221; alt=&#8221;Logo of Reitzel \u2013 Client of NewElement&#8221; title_text=&#8221;Reitzel logo&#8221; url=&#8221;https:\/\/newelement.ch\/projects\/pickle\/&#8221; _builder_version=&#8221;4.27.4&#8243; _module_preset=&#8221;d0db917d-1632-4623-bb18-aa87e2fddc5f&#8221; global_colors_info=&#8221;{}&#8221;][\/et_pb_image][\/et_pb_column][et_pb_column type=&#8221;1_6&#8243; _builder_version=&#8221;4.25.1&#8243; _module_preset=&#8221;default&#8221; global_colors_info=&#8221;{}&#8221;][et_pb_image src=&#8221;https:\/\/newelement.ch\/wp-content\/uploads\/2024\/05\/LOGO_NESTLE-WATERS-copie.png&#8221; alt=&#8221;Logo of Nestl\u00e9 Waters \u2013 Client of NewElement&#8221; title_text=&#8221;Nestl\u00e9 Waters logo&#8221; url=&#8221;https:\/\/newelement.ch\/projects\/water\/&#8221; _builder_version=&#8221;4.27.4&#8243; _module_preset=&#8221;d0db917d-1632-4623-bb18-aa87e2fddc5f&#8221; global_colors_info=&#8221;{}&#8221;][\/et_pb_image][\/et_pb_column][et_pb_column type=&#8221;1_6&#8243; _builder_version=&#8221;4.25.1&#8243; _module_preset=&#8221;default&#8221; global_colors_info=&#8221;{}&#8221;][et_pb_image src=&#8221;https:\/\/newelement.ch\/wp-content\/uploads\/2025\/08\/LOGO_SOCFIN-2.png&#8221; alt=&#8221;Logo of Socfin \u2013 Client of NewElement&#8221; title_text=&#8221;Logo Socfin&#8221; url=&#8221;https:\/\/newelement.ch\/projects\/palm-oil\/&#8221; _builder_version=&#8221;4.27.4&#8243; _module_preset=&#8221;d0db917d-1632-4623-bb18-aa87e2fddc5f&#8221; global_colors_info=&#8221;{}&#8221;][\/et_pb_image][\/et_pb_column][et_pb_column type=&#8221;1_6&#8243; _builder_version=&#8221;4.25.1&#8243; _module_preset=&#8221;default&#8221; global_colors_info=&#8221;{}&#8221;][et_pb_image src=&#8221;https:\/\/newelement.ch\/wp-content\/uploads\/2025\/07\/LOGO_SSE.png&#8221; alt=&#8221;Logo of SSE Group \u2013 Client of NewElement&#8221; title_text=&#8221;SSE Group logo&#8221; url=&#8221;https:\/\/newelement.ch\/projects\/civil-explosive\/&#8221; _builder_version=&#8221;4.27.4&#8243; _module_preset=&#8221;d0db917d-1632-4623-bb18-aa87e2fddc5f&#8221; global_colors_info=&#8221;{}&#8221;][\/et_pb_image][\/et_pb_column][\/et_pb_row][\/et_pb_section]<\/p>\n<span class=\"et_bloom_bottom_trigger\"><\/span>","protected":false},"excerpt":{"rendered":"<p>With the growing demand for sustainable products, companies need to strengthen their value proposition by incorporating sustainability into their commercial proposals and sales narrative. The challenge lies in ensuring that the sales force has the knowledge and tools to confidently address sustainability topics in client relationships, aligning with customers&#8217; own sustainability objectives.NewElement partnered with Nespresso\u2019s [&hellip;]<\/p>","protected":false},"author":1,"featured_media":0,"parent":2124,"menu_order":0,"comment_status":"closed","ping_status":"closed","template":"","meta":{"_et_pb_use_builder":"on","_et_pb_old_content":"","_et_gb_content_width":"","footnotes":""},"class_list":["post-3666","page","type-page","status-publish","hentry"],"_links":{"self":[{"href":"https:\/\/newelement.ch\/fr\/wp-json\/wp\/v2\/pages\/3666","targetHints":{"allow":["GET"]}}],"collection":[{"href":"https:\/\/newelement.ch\/fr\/wp-json\/wp\/v2\/pages"}],"about":[{"href":"https:\/\/newelement.ch\/fr\/wp-json\/wp\/v2\/types\/page"}],"author":[{"embeddable":true,"href":"https:\/\/newelement.ch\/fr\/wp-json\/wp\/v2\/users\/1"}],"replies":[{"embeddable":true,"href":"https:\/\/newelement.ch\/fr\/wp-json\/wp\/v2\/comments?post=3666"}],"version-history":[{"count":52,"href":"https:\/\/newelement.ch\/fr\/wp-json\/wp\/v2\/pages\/3666\/revisions"}],"predecessor-version":[{"id":5675,"href":"https:\/\/newelement.ch\/fr\/wp-json\/wp\/v2\/pages\/3666\/revisions\/5675"}],"up":[{"embeddable":true,"href":"https:\/\/newelement.ch\/fr\/wp-json\/wp\/v2\/pages\/2124"}],"wp:attachment":[{"href":"https:\/\/newelement.ch\/fr\/wp-json\/wp\/v2\/media?parent=3666"}],"curies":[{"name":"wp","href":"https:\/\/api.w.org\/{rel}","templated":true}]}}