{"id":3257,"date":"2024-09-11T11:29:30","date_gmt":"2024-09-11T09:29:30","guid":{"rendered":"https:\/\/newelement.ch\/?page_id=3257"},"modified":"2026-04-23T10:15:00","modified_gmt":"2026-04-23T08:15:00","slug":"coffee-2","status":"publish","type":"page","link":"https:\/\/newelement.ch\/fr\/projects\/coffee-2\/","title":{"rendered":"Caf\u00e9 2"},"content":{"rendered":"<p>[et_pb_section fb_built=&#8221;1&#8243; custom_padding_last_edited=&#8221;on|phone&#8221; _builder_version=&#8221;4.27.4&#8243; _module_preset=&#8221;default&#8221; background_enable_color=&#8221;off&#8221; use_background_color_gradient=&#8221;on&#8221; background_color_gradient_direction=&#8221;90deg&#8221; background_color_gradient_stops=&#8221;rgba(112,97,89,0.6) 0%|rgba(112,97,89,0.6) 50%|rgba(112,97,89,0.2) 50%|rgba(112, 97, 89, 0.2) 100%&#8221; background_color_gradient_overlays_image=&#8221;on&#8221; background_image=&#8221;https:\/\/newelement.ch\/wp-content\/uploads\/2026\/04\/forest.jpeg&#8221; parallax=&#8221;on&#8221; custom_padding=&#8221;100px||130px||false|false&#8221; custom_padding_tablet=&#8221;70px||70px||false|false&#8221; custom_padding_phone=&#8221;40px||40px||false|false&#8221; hover_enabled=&#8221;0&#8243; background_last_edited=&#8221;on|phone&#8221; use_background_color_gradient_tablet=&#8221;on&#8221; use_background_color_gradient_phone=&#8221;on&#8221; background_color_gradient_stops_tablet=&#8221;rgba(112,97,89,0.6) 0%|rgba(112,97,89,0.6) 100%|rgba(112,97,89,0.2) 100%|rgba(112, 97, 89, 0.2) 100%&#8221; background_color_gradient_stops_phone=&#8221;rgba(112,97,89,0.6) 0%|rgba(112,97,89,0.6) 100%|rgba(112,97,89,0.2) 100%|rgba(112, 97, 89, 0.2) 100%&#8221; global_colors_info=&#8221;{}&#8221; title_text=&#8221;forest&#8221; sticky_enabled=&#8221;0&#8243;][et_pb_row column_structure=&#8221;1_2,1_2&#8243; use_custom_gutter=&#8221;on&#8221; gutter_width=&#8221;3&#8243; _builder_version=&#8221;4.27.4&#8243; _module_preset=&#8221;default&#8221; max_width=&#8221;80%&#8221; custom_padding=&#8221;0px||0px||false|false&#8221; global_colors_info=&#8221;{}&#8221;][et_pb_column type=&#8221;1_2&#8243; _builder_version=&#8221;4.25.1&#8243; _module_preset=&#8221;default&#8221; global_colors_info=&#8221;{}&#8221;][et_pb_heading title=&#8221;Engaging Employees to Drive Meaningful Change,&#8221; _builder_version=&#8221;4.27.4&#8243; _module_preset=&#8221;default&#8221; title_text_color=&#8221;#FFFFFF&#8221; width=&#8221;90%&#8221; max_width=&#8221;90%&#8221; custom_padding=&#8221;0px|0px|0px|0px|false|false&#8221; title_font_size_tablet=&#8221;30px&#8221; title_font_size_phone=&#8221;22px&#8221; title_font_size_last_edited=&#8221;on|tablet&#8221; global_colors_info=&#8221;{}&#8221;][\/et_pb_heading][et_pb_heading title=&#8221;Nespresso.&#8221; _builder_version=&#8221;4.27.2&#8243; _module_preset=&#8221;default&#8221; title_font=&#8221;Poppins|500||on|||||&#8221; title_text_color=&#8221;#FFFFFF&#8221; title_font_size_tablet=&#8221;30px&#8221; title_font_size_phone=&#8221;22px&#8221; title_font_size_last_edited=&#8221;on|tablet&#8221; global_colors_info=&#8221;{}&#8221;][\/et_pb_heading][\/et_pb_column][et_pb_column type=&#8221;1_2&#8243; _builder_version=&#8221;4.25.1&#8243; _module_preset=&#8221;default&#8221; global_colors_info=&#8221;{}&#8221;][\/et_pb_column][\/et_pb_row][\/et_pb_section][et_pb_section fb_built=&#8221;1&#8243; custom_padding_last_edited=&#8221;on|phone&#8221; _builder_version=&#8221;4.27.3&#8243; _module_preset=&#8221;default&#8221; background_color=&#8221;#EDDED3&#8243; use_background_color_gradient=&#8221;on&#8221; background_color_gradient_direction=&#8221;90deg&#8221; background_color_gradient_stops=&#8221;rgba(255,255,255,0) 0%|rgba(255,255,255,0) 50%|#ffffff 50%|#ffffff 100%&#8221; custom_padding=&#8221;40px||70px||false|false&#8221; custom_padding_tablet=&#8221;40px||0px||false|false&#8221; custom_padding_phone=&#8221;0px||0px||false|false&#8221; background_last_edited=&#8221;on|phone&#8221; use_background_color_gradient_tablet=&#8221;on&#8221; use_background_color_gradient_phone=&#8221;on&#8221; background_color_gradient_stops_tablet=&#8221;rgba(255,255,255,0) 0%|rgba(255,255,255,0) 100%|#ffffff 100%|#ffffff 100%&#8221; background_color_gradient_stops_phone=&#8221;rgba(255,255,255,0) 0%|rgba(255,255,255,0) 100%|#ffffff 100%|#ffffff 100%&#8221; global_colors_info=&#8221;{}&#8221;][et_pb_row column_structure=&#8221;1_2,1_2&#8243; use_custom_gutter=&#8221;on&#8221; gutter_width=&#8221;4&#8243; _builder_version=&#8221;4.27.3&#8243; _module_preset=&#8221;default&#8221; width_tablet=&#8221;100%&#8221; width_phone=&#8221;100%&#8221; width_last_edited=&#8221;on|phone&#8221; max_width=&#8221;80%&#8221; max_width_tablet=&#8221;100%&#8221; max_width_phone=&#8221;100%&#8221; max_width_last_edited=&#8221;on|phone&#8221; module_alignment=&#8221;center&#8221; custom_margin=&#8221;0px||0px||false|false&#8221; custom_padding=&#8221;0px||0px||false|false&#8221; global_colors_info=&#8221;{}&#8221;][et_pb_column type=&#8221;1_2&#8243; _builder_version=&#8221;4.27.3&#8243; _module_preset=&#8221;default&#8221; custom_padding_tablet=&#8221;0px|80px|40px|80px|false|true&#8221; custom_padding_phone=&#8221;30px|40px|40px|40px|false|false&#8221; custom_padding_last_edited=&#8221;on|phone&#8221; global_colors_info=&#8221;{}&#8221;][et_pb_heading title=&#8221;Context&#8221; _builder_version=&#8221;4.27.2&#8243; _module_preset=&#8221;4a326f49-5fe5-4324-9dd1-39f0bc2f82d5&#8243; global_colors_info=&#8221;{}&#8221;][\/et_pb_heading][et_pb_text _builder_version=&#8221;4.27.3&#8243; _module_preset=&#8221;default&#8221; text_font=&#8221;Poppins|300|||||||&#8221; header_2_font=&#8221;Poppins|600||on|||||&#8221; header_2_font_size=&#8221;28px&#8221; text_font_size_tablet=&#8221;15px&#8221; text_font_size_phone=&#8221;14px&#8221; text_font_size_last_edited=&#8221;on|phone&#8221; text_line_height_tablet=&#8221;1.5em&#8221; text_line_height_phone=&#8221;1.4em&#8221; text_line_height_last_edited=&#8221;on|phone&#8221; global_colors_info=&#8221;{}&#8221;]<\/p>\n<p>Impliquer les employ\u00e9s dans le parcours de durabilit\u00e9 est essentiel pour Nespresso afin d'atteindre ses objectifs ESG ambitieux, notamment la d\u00e9carbonisation et les certifications telles que BCorp. Pour cr\u00e9er un changement significatif, l'entreprise avait besoin d'une strat\u00e9gie globale pour s'assurer que les employ\u00e9s comprenaient ces objectifs et \u00e9taient motiv\u00e9s \u00e0 y contribuer activement, tout en cultivant une culture de sensibilisation environnementale et de responsabilit\u00e9 sociale sur l'ensemble des march\u00e9s mondiaux.<\/p>\n<p>[\/et_pb_text][\/et_pb_column][et_pb_column type=&#8221;1_2&#8243; _builder_version=&#8221;4.27.3&#8243; _module_preset=&#8221;default&#8221; custom_padding_tablet=&#8221;40px|80px|50px|80px|false|true&#8221; custom_padding_phone=&#8221;30px|40px|40px|40px|false|false&#8221; custom_padding_last_edited=&#8221;on|phone&#8221; background_color_tablet=&#8221;#FFFFFF&#8221; background_color_phone=&#8221;#FFFFFF&#8221; background_last_edited=&#8221;on|phone&#8221; background_enable_color_tablet=&#8221;on&#8221; background_enable_color_phone=&#8221;on&#8221; global_colors_info=&#8221;{}&#8221;][et_pb_heading title=&#8221;Solution&#8221; _builder_version=&#8221;4.27.2&#8243; _module_preset=&#8221;4a326f49-5fe5-4324-9dd1-39f0bc2f82d5&#8243; global_colors_info=&#8221;{}&#8221;][\/et_pb_heading][et_pb_text _builder_version=&#8221;4.27.3&#8243; _module_preset=&#8221;default&#8221; text_font=&#8221;Poppins|300|||||||&#8221; header_2_font=&#8221;Poppins|600||on|||||&#8221; header_2_font_size=&#8221;28px&#8221; custom_padding=&#8221;||0px|||&#8221; text_font_size_tablet=&#8221;15px&#8221; text_font_size_phone=&#8221;14px&#8221; text_font_size_last_edited=&#8221;on|phone&#8221; text_line_height_tablet=&#8221;1.5em&#8221; text_line_height_phone=&#8221;1.4em&#8221; text_line_height_last_edited=&#8221;on|phone&#8221; global_colors_info=&#8221;{}&#8221;]<\/p>\n<p>NewElement collaborated with Nespresso to co-design and implement an employee engagement strategy, including learning programs, monthly forums for knowledge-sharing, and initiatives like a Coffee Farmers and Agronomist Contest to connect employees with sustainability practices.<\/p>\n<p>[\/et_pb_text][\/et_pb_column][\/et_pb_row][\/et_pb_section][et_pb_section fb_built=&#8221;1&#8243; custom_padding_last_edited=&#8221;on|phone&#8221; _builder_version=&#8221;4.27.4&#8243; _module_preset=&#8221;default&#8221; background_color=&#8221;#A59283&#8243; custom_padding=&#8221;40px||100px||false|false&#8221; custom_padding_tablet=&#8221;40px||60px||false|false&#8221; custom_padding_phone=&#8221;30px||40px||false|false&#8221; border_color_top=&#8221;#A59283&#8243; locked=&#8221;off&#8221; global_colors_info=&#8221;{}&#8221;][et_pb_row column_structure=&#8221;1_2,1_2&#8243; use_custom_gutter=&#8221;on&#8221; gutter_width=&#8221;4&#8243; _builder_version=&#8221;4.27.2&#8243; _module_preset=&#8221;default&#8221; max_width=&#8221;80%&#8221; custom_padding=&#8221;0px||0px||false|false&#8221; locked=&#8221;off&#8221; global_colors_info=&#8221;{}&#8221;][et_pb_column type=&#8221;1_2&#8243; _builder_version=&#8221;4.27.2&#8243; _module_preset=&#8221;default&#8221; global_colors_info=&#8221;{}&#8221;][et_pb_heading title=&#8221;Impact&#8221; _builder_version=&#8221;4.27.2&#8243; _module_preset=&#8221;4a326f49-5fe5-4324-9dd1-39f0bc2f82d5&#8243; title_text_color=&#8221;#EDDED3&#8243; global_colors_info=&#8221;{}&#8221;][\/et_pb_heading][\/et_pb_column][et_pb_column type=&#8221;1_2&#8243; _builder_version=&#8221;4.27.2&#8243; _module_preset=&#8221;default&#8221; global_colors_info=&#8221;{}&#8221;][et_pb_text _builder_version=&#8221;4.27.2&#8243; _module_preset=&#8221;5cc4d197-68b2-4b21-8c9f-0fb2196a1d2b&#8221; global_colors_info=&#8221;{}&#8221;]<\/p>\n<p>La strat\u00e9gie d'engagement des employ\u00e9s \u00e9labor\u00e9e par NewElement a g\u00e9n\u00e9r\u00e9 des r\u00e9sultats significatifs pour Nespresso :<\/p>\n<p>[\/et_pb_text][\/et_pb_column][\/et_pb_row][et_pb_row column_structure=&#8221;1_4,1_4,1_4,1_4&#8243; use_custom_gutter=&#8221;on&#8221; gutter_width=&#8221;3&#8243; _builder_version=&#8221;4.27.2&#8243; _module_preset=&#8221;default&#8221; max_width=&#8221;80%&#8221; custom_padding=&#8221;0px||0px||false|false&#8221; global_colors_info=&#8221;{}&#8221;][et_pb_column type=&#8221;1_4&#8243; _builder_version=&#8221;4.25.0&#8243; _module_preset=&#8221;default&#8221; global_colors_info=&#8221;{}&#8221;][et_pb_heading title=&#8221;1&#8243; _builder_version=&#8221;4.27.2&#8243; _module_preset=&#8221;38780d28-962e-4809-ba09-e04cf7a79650&#8243; global_colors_info=&#8221;{}&#8221;][\/et_pb_heading][et_pb_heading title=&#8221;Strengthened Sustainability Culture&#8221; _builder_version=&#8221;4.27.2&#8243; _module_preset=&#8221;03372257-e707-4f48-a5d5-90c72e429ee5&#8243; title_text_color=&#8221;#EDDED3&#8243; locked=&#8221;off&#8221; global_colors_info=&#8221;{}&#8221;][\/et_pb_heading][et_pb_text _builder_version=&#8221;4.27.2&#8243; _module_preset=&#8221;ed4ed6fb-5494-4fdd-96e4-98916c413f34&#8243; global_colors_info=&#8221;{}&#8221;]<\/p>\n<p>Favoris\u00e9 un fort \u00e9tat d'esprit en mati\u00e8re de durabilit\u00e9 au sein de l'ensemble des \u00e9quipes mondiales de Nespresso.<\/p>\n<p>[\/et_pb_text][\/et_pb_column][et_pb_column type=&#8221;1_4&#8243; _builder_version=&#8221;4.25.0&#8243; _module_preset=&#8221;default&#8221; global_colors_info=&#8221;{}&#8221;][et_pb_heading title=&#8221;2&#8243; _builder_version=&#8221;4.27.2&#8243; _module_preset=&#8221;38780d28-962e-4809-ba09-e04cf7a79650&#8243; global_colors_info=&#8221;{}&#8221;][\/et_pb_heading][et_pb_heading title=&#8221;Enhanced Collaboration&#8221; _builder_version=&#8221;4.27.2&#8243; _module_preset=&#8221;03372257-e707-4f48-a5d5-90c72e429ee5&#8243; title_text_color=&#8221;#EDDED3&#8243; locked=&#8221;off&#8221; global_colors_info=&#8221;{}&#8221;][\/et_pb_heading][et_pb_text _builder_version=&#8221;4.27.2&#8243; _module_preset=&#8221;ed4ed6fb-5494-4fdd-96e4-98916c413f34&#8243; global_colors_info=&#8221;{}&#8221;]<\/p>\n<p>Des forums r\u00e9guliers ont permis une collaboration inter-march\u00e9s et un partage des connaissances.<\/p>\n<p>[\/et_pb_text][\/et_pb_column][et_pb_column type=&#8221;1_4&#8243; _builder_version=&#8221;4.25.0&#8243; _module_preset=&#8221;default&#8221; global_colors_info=&#8221;{}&#8221;][et_pb_heading title=&#8221;3&#8243; _builder_version=&#8221;4.27.2&#8243; _module_preset=&#8221;38780d28-962e-4809-ba09-e04cf7a79650&#8243; global_colors_info=&#8221;{}&#8221;][\/et_pb_heading][et_pb_heading title=&#8221;Increased Connection to Value Chain&#8221; _builder_version=&#8221;4.27.2&#8243; _module_preset=&#8221;03372257-e707-4f48-a5d5-90c72e429ee5&#8243; title_text_color=&#8221;#EDDED3&#8243; locked=&#8221;off&#8221; global_colors_info=&#8221;{}&#8221;][\/et_pb_heading][et_pb_text _builder_version=&#8221;4.27.2&#8243; _module_preset=&#8221;ed4ed6fb-5494-4fdd-96e4-98916c413f34&#8243; global_colors_info=&#8221;{}&#8221;]<\/p>\n<p>Les employ\u00e9s ont d\u00e9velopp\u00e9 un lien plus profond avec les pratiques de durabilit\u00e9 au sein de la cha\u00eene de valeur de Nespresso.<\/p>\n<p>[\/et_pb_text][\/et_pb_column][et_pb_column type=&#8221;1_4&#8243; _builder_version=&#8221;4.25.0&#8243; _module_preset=&#8221;default&#8221; global_colors_info=&#8221;{}&#8221;][et_pb_heading title=&#8221;4&#8243; _builder_version=&#8221;4.27.2&#8243; _module_preset=&#8221;38780d28-962e-4809-ba09-e04cf7a79650&#8243; global_colors_info=&#8221;{}&#8221;][\/et_pb_heading][et_pb_heading title=&#8221;Boosted Motivation and Engagement&#8221; _builder_version=&#8221;4.27.2&#8243; _module_preset=&#8221;03372257-e707-4f48-a5d5-90c72e429ee5&#8243; title_text_color=&#8221;#EDDED3&#8243; locked=&#8221;off&#8221; global_colors_info=&#8221;{}&#8221;][\/et_pb_heading][et_pb_text _builder_version=&#8221;4.27.2&#8243; _module_preset=&#8221;ed4ed6fb-5494-4fdd-96e4-98916c413f34&#8243; global_colors_info=&#8221;{}&#8221;]<\/p>\n<p>En tant que leader de l'industrie en mati\u00e8re de durabilit\u00e9, Nespresso a constat\u00e9 une augmentation de la motivation des employ\u00e9s et de leur engagement envers les initiatives de durabilit\u00e9.<\/p>\n<p>[\/et_pb_text][\/et_pb_column][\/et_pb_row][\/et_pb_section][et_pb_section fb_built=&#8221;1&#8243; _builder_version=&#8221;4.27.3&#8243; _module_preset=&#8221;default&#8221; background_color=&#8221;#F8F7F7&#8243; use_background_color_gradient=&#8221;on&#8221; background_color_gradient_direction=&#8221;90deg&#8221; background_color_gradient_stops=&#8221;#d3dbc8 1%|#d3dbc8 16%|rgba(255,255,255,0) 16%&#8221; custom_margin=&#8221;0px||0px||false|false&#8221; custom_padding=&#8221;0px||0px||false|false&#8221; background_last_edited=&#8221;on|desktop&#8221; use_background_color_gradient_tablet=&#8221;on&#8221; use_background_color_gradient_phone=&#8221;on&#8221; background_color_gradient_stops_tablet=&#8221;#d3dbc8 0%|#d3dbc8 0%|rgba(255,255,255,0) 0%&#8221; background_color_gradient_stops_phone=&#8221;#d3dbc8 0%|#d3dbc8 0%|rgba(255,255,255,0) 0%&#8221; global_colors_info=&#8221;{}&#8221;][et_pb_row column_structure=&#8221;1_6,1_6,1_6,1_6,1_6,1_6&#8243; use_custom_gutter=&#8221;on&#8221; gutter_width=&#8221;4&#8243; _builder_version=&#8221;4.27.3&#8243; _module_preset=&#8221;default&#8221; width=&#8221;90%&#8221; width_tablet=&#8221;80%&#8221; width_phone=&#8221;80%&#8221; width_last_edited=&#8221;on|phone&#8221; max_width=&#8221;90%&#8221; max_width_tablet=&#8221;80%&#8221; max_width_phone=&#8221;80%&#8221; max_width_last_edited=&#8221;on|phone&#8221; custom_padding=&#8221;25px||25px||true|false&#8221; global_colors_info=&#8221;{}&#8221;][et_pb_column type=&#8221;1_6&#8243; _builder_version=&#8221;4.25.1&#8243; _module_preset=&#8221;default&#8221; global_colors_info=&#8221;{}&#8221;][et_pb_heading title=&#8221;Discover the uniqueness of each of our other projects ! &#8221; _builder_version=&#8221;4.27.2&#8243; _module_preset=&#8221;default&#8221; title_font=&#8221;Poppins|500||on|||||&#8221; title_text_align=&#8221;left&#8221; title_text_color=&#8221;#706159&#8243; title_font_size=&#8221;14px&#8221; title_letter_spacing=&#8221;1px&#8221; title_line_height=&#8221;1.2em&#8221; global_colors_info=&#8221;{}&#8221;][\/et_pb_heading][\/et_pb_column][et_pb_column type=&#8221;1_6&#8243; _builder_version=&#8221;4.25.1&#8243; _module_preset=&#8221;default&#8221; global_colors_info=&#8221;{}&#8221;][et_pb_image src=&#8221;https:\/\/newelement.ch\/wp-content\/uploads\/2024\/11\/LOGO_REITZEL-2.png&#8221; alt=&#8221;Logo of Reitzel \u2013 Client of NewElement&#8221; title_text=&#8221;Reitzel logo&#8221; url=&#8221;https:\/\/newelement.ch\/projects\/pickle\/&#8221; _builder_version=&#8221;4.27.4&#8243; _module_preset=&#8221;d0db917d-1632-4623-bb18-aa87e2fddc5f&#8221; locked=&#8221;off&#8221; global_colors_info=&#8221;{}&#8221;][\/et_pb_image][\/et_pb_column][et_pb_column type=&#8221;1_6&#8243; _builder_version=&#8221;4.25.1&#8243; _module_preset=&#8221;default&#8221; global_colors_info=&#8221;{}&#8221;][et_pb_image src=&#8221;https:\/\/newelement.ch\/wp-content\/uploads\/2024\/05\/LOGO_NESTLE-WATERS-copie.png&#8221; alt=&#8221;Logo of Nestl\u00e9 Waters \u2013 Client of NewElement&#8221; title_text=&#8221;Nestl\u00e9 Waters logo&#8221; url=&#8221;https:\/\/newelement.ch\/projects\/water\/&#8221; _builder_version=&#8221;4.27.4&#8243; _module_preset=&#8221;d0db917d-1632-4623-bb18-aa87e2fddc5f&#8221; locked=&#8221;off&#8221; global_colors_info=&#8221;{}&#8221;][\/et_pb_image][\/et_pb_column][et_pb_column type=&#8221;1_6&#8243; _builder_version=&#8221;4.25.1&#8243; _module_preset=&#8221;default&#8221; global_colors_info=&#8221;{}&#8221;][et_pb_image src=&#8221;https:\/\/newelement.ch\/wp-content\/uploads\/2025\/08\/LOGO_SOCFIN-2.png&#8221; alt=&#8221;Logo of Socfin \u2013 Client of NewElement&#8221; title_text=&#8221;Logo Socfin&#8221; url=&#8221;https:\/\/newelement.ch\/projects\/palm-oil\/&#8221; _builder_version=&#8221;4.27.4&#8243; _module_preset=&#8221;d0db917d-1632-4623-bb18-aa87e2fddc5f&#8221; locked=&#8221;off&#8221; global_colors_info=&#8221;{}&#8221;][\/et_pb_image][\/et_pb_column][et_pb_column type=&#8221;1_6&#8243; _builder_version=&#8221;4.25.1&#8243; _module_preset=&#8221;default&#8221; global_colors_info=&#8221;{}&#8221;][et_pb_image src=&#8221;https:\/\/newelement.ch\/wp-content\/uploads\/2025\/07\/LOGO_SSE.png&#8221; alt=&#8221;Logo of SSE Group \u2013 Client of NewElement&#8221; title_text=&#8221;SSE Group logo&#8221; url=&#8221;https:\/\/newelement.ch\/projects\/civil-explosive\/&#8221; _builder_version=&#8221;4.27.4&#8243; _module_preset=&#8221;d0db917d-1632-4623-bb18-aa87e2fddc5f&#8221; locked=&#8221;off&#8221; global_colors_info=&#8221;{}&#8221;][\/et_pb_image][\/et_pb_column][et_pb_column type=&#8221;1_6&#8243; _builder_version=&#8221;4.25.1&#8243; _module_preset=&#8221;default&#8221; global_colors_info=&#8221;{}&#8221;][et_pb_image src=&#8221;https:\/\/newelement.ch\/wp-content\/uploads\/2025\/07\/LOGO_SWISS-MEDICAL-NETWORK.png&#8221; alt=&#8221;Logo of Swiss Medical Network \u2013 Client of NewElement&#8221; title_text=&#8221;Swiss Medical Network logo&#8221; url=&#8221;https:\/\/newelement.ch\/projects\/healthcare\/&#8221; _builder_version=&#8221;4.27.4&#8243; _module_preset=&#8221;d0db917d-1632-4623-bb18-aa87e2fddc5f&#8221; global_colors_info=&#8221;{}&#8221;][\/et_pb_image][\/et_pb_column][\/et_pb_row][\/et_pb_section]<\/p>\n<span class=\"et_bloom_bottom_trigger\"><\/span>","protected":false},"excerpt":{"rendered":"<p>Engaging employees in the sustainability journey is essential for Nespresso to achieve its ambitious ESG goals, including decarbonization and certifications like BCorp. To create meaningful change, the company needed a comprehensive strategy to ensure employees understood these goals and were motivated to actively contribute, while fostering a culture of environmental awareness and social responsibility across [&hellip;]<\/p>","protected":false},"author":1,"featured_media":0,"parent":2124,"menu_order":0,"comment_status":"closed","ping_status":"closed","template":"","meta":{"_et_pb_use_builder":"on","_et_pb_old_content":"","_et_gb_content_width":"","footnotes":""},"class_list":["post-3257","page","type-page","status-publish","hentry"],"_links":{"self":[{"href":"https:\/\/newelement.ch\/fr\/wp-json\/wp\/v2\/pages\/3257","targetHints":{"allow":["GET"]}}],"collection":[{"href":"https:\/\/newelement.ch\/fr\/wp-json\/wp\/v2\/pages"}],"about":[{"href":"https:\/\/newelement.ch\/fr\/wp-json\/wp\/v2\/types\/page"}],"author":[{"embeddable":true,"href":"https:\/\/newelement.ch\/fr\/wp-json\/wp\/v2\/users\/1"}],"replies":[{"embeddable":true,"href":"https:\/\/newelement.ch\/fr\/wp-json\/wp\/v2\/comments?post=3257"}],"version-history":[{"count":67,"href":"https:\/\/newelement.ch\/fr\/wp-json\/wp\/v2\/pages\/3257\/revisions"}],"predecessor-version":[{"id":6748,"href":"https:\/\/newelement.ch\/fr\/wp-json\/wp\/v2\/pages\/3257\/revisions\/6748"}],"up":[{"embeddable":true,"href":"https:\/\/newelement.ch\/fr\/wp-json\/wp\/v2\/pages\/2124"}],"wp:attachment":[{"href":"https:\/\/newelement.ch\/fr\/wp-json\/wp\/v2\/media?parent=3257"}],"curies":[{"name":"wp","href":"https:\/\/api.w.org\/{rel}","templated":true}]}}